{"id":354,"date":"2017-01-14T19:14:37","date_gmt":"2017-01-15T00:14:37","guid":{"rendered":"http:\/\/orleans.patenaudemartialarts.com\/?page_id=354\/"},"modified":"2017-12-18T23:19:16","modified_gmt":"2017-12-19T04:19:16","slug":"horaire-des-classes-jour-nuit-orleans-ecole-arts-martiaux-kickboxing-mma","status":"publish","type":"page","link":"https:\/\/orleans.patenaudemartialarts.com\/fr\/orleans-arts-martiaux-kickboxing-mma\/horaire-des-classes-jour-nuit-orleans-ecole-arts-martiaux-kickboxing-mma\/","title":{"rendered":"Horaire des Classes"},"content":{"rendered":"\n<style type=\"text\/css\" data-created_by=\"avia_inline_auto\" id=\"style-css-av-av_section-2fe31ecbd5feb94b30af280bec0dc287\">\n.avia-section.av-av_section-2fe31ecbd5feb94b30af280bec0dc287 .av-section-color-overlay{\nopacity:1;\nbackground-image:url(https:\/\/orleans.patenaudemartialarts.com\/wp-content\/themes\/enfold\/images\/background-images\/wool-diagonal-for-light-background.png);\nbackground-repeat:repeat;\n}\n<\/style>\n<div id='av_section_1'  class='avia-section av-av_section-2fe31ecbd5feb94b30af280bec0dc287 main_color avia-section-default avia-no-shadow  avia-builder-el-0  el_before_av_one_half  avia-builder-el-first  avia-bg-style-scroll av-section-color-overlay-active container_wrap sidebar_right'  ><div class=\"av-section-color-overlay-wrap\"><div class=\"av-section-color-overlay\"><\/div><div class='container av-section-cont-open' ><main  role=\"main\" itemprop=\"mainContentOfPage\"  class='template-page content  av-content-small alpha units'><div class='post-entry post-entry-type-page post-entry-354'><div class='entry-content-wrapper clearfix'>\n\n<style type=\"text\/css\" data-created_by=\"avia_inline_auto\" id=\"style-css-av-av_heading-bba2f3501ba42b5895b416f3b3392f86\">\n#top .av-special-heading.av-av_heading-bba2f3501ba42b5895b416f3b3392f86{\npadding-bottom:0;\n}\nbody .av-special-heading.av-av_heading-bba2f3501ba42b5895b416f3b3392f86 .av-special-heading-tag .heading-char{\nfont-size:25px;\n}\n.av-special-heading.av-av_heading-bba2f3501ba42b5895b416f3b3392f86 .av-subheading{\nfont-size:15px;\n}\n<\/style>\n<div  class='av-special-heading av-av_heading-bba2f3501ba42b5895b416f3b3392f86 av-special-heading-h1 blockquote modern-quote  avia-builder-el-1  avia-builder-el-no-sibling '><h1 class='av-special-heading-tag '  itemprop=\"headline\"  >Horaire des classes de kickboxing MMA Arts Martiaux Orleans<\/h1><div class=\"special-heading-border\"><div class=\"special-heading-inner-border\"><\/div><\/div><\/div>\n<\/div><\/div><\/main><!-- close content main element --><\/div><\/div><\/div><div id='after_section_1'  class='main_color av_default_container_wrap container_wrap sidebar_right'  ><div class='container av-section-cont-open' ><div class='template-page content  av-content-small alpha units'><div class='post-entry post-entry-type-page post-entry-354'><div class='entry-content-wrapper clearfix'>\n\n<style type=\"text\/css\" data-created_by=\"avia_inline_auto\" id=\"style-css-av-av_one_half-9497bbf8bff73ea4c6992cc17fa9ec36\">\n.flex_column.av-av_one_half-9497bbf8bff73ea4c6992cc17fa9ec36{\nborder-radius:0px 0px 0px 0px;\npadding:0px 0px 0px 0px;\n}\n<\/style>\n<div  class='flex_column av-av_one_half-9497bbf8bff73ea4c6992cc17fa9ec36 av_one_half  avia-builder-el-2  el_after_av_section  el_before_av_one_half  avia-builder-el-first  first flex_column_div av-zero-column-padding  '     ><section  class='av_textblock_section av-av_textblock-283972ea15f2e73870c23e2d6de3245d '   itemscope=\"itemscope\" itemtype=\"https:\/\/schema.org\/CreativeWork\" ><div class='avia_textblock'  itemprop=\"text\" ><h2>Classes de jour et nuit pour le MMA &amp; Kickboxing et Arts Martiaux<\/h2>\n<p><span style=\"font-weight: 400;\">Nos classes et programmes sont offertes tout au long de la journ\u00e9e, six jours semaine, et chaque classe est adapt\u00e9e aux diff\u00e9rents styles et niveaux d&rsquo;exp\u00e9riences. Nous avons pass\u00e9 plus de 40 ans \u00e0 perfectionner les syst\u00e8mes Patenaude, and nous essayons de rendre le processus facile pour vous!. <\/span><\/p>\n<p><span style=\"font-weight: 400;\">Une fois que vous trouvez les classe qui vous conviennent le mieux, nous vous encourageons d\u2019arriver 15 minutes \u00e0 l\u2019avance. <\/span><\/p>\n<\/div><\/section><\/div>\n\n<style type=\"text\/css\" data-created_by=\"avia_inline_auto\" id=\"style-css-av-av_one_half-9c1d454dc06f7247226bc4e8f931daae\">\n.flex_column.av-av_one_half-9c1d454dc06f7247226bc4e8f931daae{\nborder-radius:0px 0px 0px 0px;\npadding:0px 0px 0px 0px;\n}\n<\/style>\n<div  class='flex_column av-av_one_half-9c1d454dc06f7247226bc4e8f931daae av_one_half  avia-builder-el-4  el_after_av_one_half  el_before_av_hr  flex_column_div av-zero-column-padding  '     ><section  class='av_textblock_section av-av_textblock-35972167d9f102c5ddaec0c531c98b9e '   itemscope=\"itemscope\" itemtype=\"https:\/\/schema.org\/CreativeWork\" ><div class='avia_textblock'  itemprop=\"text\" ><p>Nous avons facilit\u00e9 notre horaire afin que vous puissiez trouver les classes qui vous conviennent:<\/p>\n<ul class=\"schedule\">\n<li class=\"audience\">Public cibl\u00e9 (<strong>enfants<\/strong>, <strong>adultes<\/strong>, <strong>tous<\/strong>)<\/li>\n<li class=\"duration\">Dur\u00e9e des classe<\/li>\n<li class=\"level\">Niveau de ceinture requis (<strong>d\u00e9butant<\/strong>, <strong>interm\u00e9diaire<\/strong>, <strong>bleu-brun<\/strong>, <strong>noir+<\/strong>)<\/li>\n<\/ul>\n<\/div><\/section><\/div>\n\n<style type=\"text\/css\" data-created_by=\"avia_inline_auto\" id=\"style-css-av-av_hr-cdfdc8adfb4b2d73078af00d6ecbf0ad\">\n#top .hr.hr-invisible.av-av_hr-cdfdc8adfb4b2d73078af00d6ecbf0ad{\nheight:50px;\n}\n<\/style>\n<div  class='hr av-av_hr-cdfdc8adfb4b2d73078af00d6ecbf0ad hr-invisible  avia-builder-el-6  el_after_av_one_half  el_before_av_codeblock  hide_mobile'><span class='hr-inner '><span class=\"hr-inner-style\"><\/span><\/span><\/div>\n\n\n<style type=\"text\/css\" data-created_by=\"avia_inline_auto\" id=\"style-css-av-av_hr-0dd18d9844cb3b943ff8f8296963fd53\">\n#top .hr.hr-invisible.av-av_hr-0dd18d9844cb3b943ff8f8296963fd53{\nheight:50px;\n}\n<\/style>\n<div  class='hr av-av_hr-0dd18d9844cb3b943ff8f8296963fd53 hr-invisible  avia-builder-el-8  el_after_av_codeblock  el_before_av_section  avia-builder-el-last '><span class='hr-inner '><span class=\"hr-inner-style\"><\/span><\/span><\/div>\n<\/div><\/div><\/div><!-- close content main div --><\/div><\/div>\n<style type=\"text\/css\" data-created_by=\"avia_inline_auto\" id=\"style-css-av-av_section-3a7b8df55be750aee3cc5c06b8ea1c66\">\n.avia-section.av-av_section-3a7b8df55be750aee3cc5c06b8ea1c66 .av-parallax .av-parallax-inner{\nbackground-repeat:no-repeat;\nbackground-image:url(https:\/\/orleans.patenaudemartialarts.com\/wp-content\/uploads\/sites\/2\/2016\/11\/Patenaude-Kick.jpg);\nbackground-position:50% 0%;\nbackground-attachment:scroll;\n}\n.avia-section.av-av_section-3a7b8df55be750aee3cc5c06b8ea1c66 .av-section-color-overlay{\nopacity:0.5;\nbackground-color:#000000;\n}\n<\/style>\n<div id='av_section_2'  class='avia-section av-av_section-3a7b8df55be750aee3cc5c06b8ea1c66 alternate_color avia-section-no-padding avia-no-border-styling  avia-builder-el-9  el_after_av_hr  avia-builder-el-last  hide_bg_mobile av-parallax-section avia-bg-style-parallax av-section-color-overlay-active av-minimum-height av-minimum-height-custom av-height-custom  container_wrap sidebar_right'  data-section-bg-repeat='no-repeat' data-av_minimum_height_px='390'><div class='av-parallax' data-avia-parallax-ratio='0.3' ><div class='av-parallax-inner alternate_color avia-full-stretch'><\/div><\/div><div class=\"av-section-color-overlay-wrap\"><div class=\"av-section-color-overlay\"><\/div><div class='container av-section-cont-open' style='height:390px'><div class='template-page content  av-content-small alpha units'><div class='post-entry post-entry-type-page post-entry-354'><div class='entry-content-wrapper clearfix'>\n<section  class='av_textblock_section av-av_textblock-35972167d9f102c5ddaec0c531c98b9e '   itemscope=\"itemscope\" itemtype=\"https:\/\/schema.org\/CreativeWork\" ><div class='avia_textblock'  itemprop=\"text\" ><h2 class=\"stroke_black\" style=\"text-align: center;\">VENEZ D\u00c9COUVRIR VOTRE POTENTIEL<\/h2>\n<h3 class=\"stroke_black\" style=\"text-align: center;\">Vous obtiendrez 7 jours de formation gratuits et sans obligation<br \/>\nNous vous garantissons votre satisfaction!<\/h3>\n<p style=\"text-align: center;\"><div  class='avia-button-wrap av-av_button-668ddcb6a96e74c181c017b8cc8da0ab-wrap avia-button-center  avia-builder-el-11  avia-builder-el-no-sibling  round-button'><a href='https:\/\/orleans.patenaudemartialarts.com\/orleans-martial-arts-kickboxing-mma\/free-pass-orleans-martial-arts-kickboxing-mma-school\/'  class='avia-button av-av_button-668ddcb6a96e74c181c017b8cc8da0ab av-link-btn avia-icon_select-yes-left-icon avia-size-large avia-position-center avia-color-theme-color'   aria-label=\"R\u00e9clamez votre passe GRATUITE\"><span class='avia_button_icon avia_button_icon_left avia-iconfont avia-font-entypo-fontello' data-av_icon='\ue80c' data-av_iconfont='entypo-fontello' ><\/span><span class='avia_iconbox_title' >R\u00e9clamez votre passe GRATUITE<\/span><\/a><\/div><\/p>\n<\/div><\/section>\n<\/div><\/div><\/div><!-- close content main div --><\/div><\/div><\/div><div id='after_section_2'  class='main_color av_default_container_wrap container_wrap sidebar_right'  ><div class='container av-section-cont-open' ><div class='template-page content  av-content-small alpha units'><div class='post-entry post-entry-type-page post-entry-354'><div class='entry-content-wrapper clearfix'>\n","protected":false},"excerpt":{"rendered":"","protected":false},"author":1,"featured_media":0,"parent":340,"menu_order":0,"comment_status":"closed","ping_status":"closed","template":"","meta":{"_monsterinsights_skip_tracking":false,"_monsterinsights_sitenote_active":false,"_monsterinsights_sitenote_note":"","_monsterinsights_sitenote_category":0,"footnotes":""},"class_list":["post-354","page","type-page","status-publish","hentry"],"yoast_head":"<!-- This site is optimized with the Yoast SEO plugin v27.3 - https:\/\/yoast.com\/product\/yoast-seo-wordpress\/ -->\n<title>ORLEANS HORAIRE CLASSES ARTS MARTIAUX ORLEANS HORAIRE DE CLASSES POUR MMA ARTS MARTIAUX MIXTES ET KICKBOXING ORLEANS<\/title>\n<meta name=\"description\" content=\"CLASSES DE JOUR ET NUIT ORLEANS ART MARTIAUX MMA KICKBOXING ORLEANS\" \/>\n<meta name=\"robots\" content=\"index, follow, max-snippet:-1, max-image-preview:large, max-video-preview:-1\" \/>\n<link rel=\"canonical\" href=\"https:\/\/orleans.patenaudemartialarts.com\/fr\/orleans-arts-martiaux-kickboxing-mma\/horaire-des-classes-jour-nuit-orleans-ecole-arts-martiaux-kickboxing-mma\/\" \/>\n<meta property=\"og:locale\" content=\"fr_FR\" \/>\n<meta property=\"og:type\" content=\"article\" \/>\n<meta property=\"og:title\" content=\"ORLEANS HORAIRE CLASSES ARTS MARTIAUX ORLEANS HORAIRE DE CLASSES POUR MMA ARTS MARTIAUX MIXTES ET KICKBOXING ORLEANS\" \/>\n<meta property=\"og:description\" content=\"CLASSES DE JOUR ET NUIT ORLEANS ART MARTIAUX MMA KICKBOXING ORLEANS\" \/>\n<meta property=\"og:url\" content=\"https:\/\/orleans.patenaudemartialarts.com\/fr\/orleans-arts-martiaux-kickboxing-mma\/horaire-des-classes-jour-nuit-orleans-ecole-arts-martiaux-kickboxing-mma\/\" \/>\n<meta property=\"og:site_name\" content=\"Orleans Patenaude Martial Arts &amp; Fitness\" \/>\n<meta property=\"article:publisher\" content=\"https:\/\/www.facebook.com\/PatenaudeMartialArts\" \/>\n<meta property=\"article:modified_time\" content=\"2017-12-19T04:19:16+00:00\" \/>\n<meta name=\"twitter:card\" content=\"summary_large_image\" \/>\n<meta name=\"twitter:site\" content=\"@fangshendo\" \/>\n<meta name=\"twitter:label1\" content=\"Dur\u00e9e de lecture estim\u00e9e\" \/>\n\t<meta name=\"twitter:data1\" content=\"3 minutes\" \/>\n<script type=\"application\/ld+json\" class=\"yoast-schema-graph\">{\"@context\":\"https:\\\/\\\/schema.org\",\"@graph\":[{\"@type\":\"WebPage\",\"@id\":\"https:\\\/\\\/orleans.patenaudemartialarts.com\\\/fr\\\/orleans-arts-martiaux-kickboxing-mma\\\/horaire-des-classes-jour-nuit-orleans-ecole-arts-martiaux-kickboxing-mma\\\/\",\"url\":\"https:\\\/\\\/orleans.patenaudemartialarts.com\\\/fr\\\/orleans-arts-martiaux-kickboxing-mma\\\/horaire-des-classes-jour-nuit-orleans-ecole-arts-martiaux-kickboxing-mma\\\/\",\"name\":\"ORLEANS HORAIRE CLASSES ARTS MARTIAUX ORLEANS HORAIRE DE CLASSES POUR MMA ARTS MARTIAUX MIXTES ET KICKBOXING ORLEANS\",\"isPartOf\":{\"@id\":\"https:\\\/\\\/orleans.patenaudemartialarts.tempurl.host\\\/#website\"},\"datePublished\":\"2017-01-15T00:14:37+00:00\",\"dateModified\":\"2017-12-19T04:19:16+00:00\",\"description\":\"CLASSES DE JOUR ET NUIT ORLEANS ART MARTIAUX MMA KICKBOXING ORLEANS\",\"breadcrumb\":{\"@id\":\"https:\\\/\\\/orleans.patenaudemartialarts.com\\\/fr\\\/orleans-arts-martiaux-kickboxing-mma\\\/horaire-des-classes-jour-nuit-orleans-ecole-arts-martiaux-kickboxing-mma\\\/#breadcrumb\"},\"inLanguage\":\"fr-FR\",\"potentialAction\":[{\"@type\":\"ReadAction\",\"target\":[\"https:\\\/\\\/orleans.patenaudemartialarts.com\\\/fr\\\/orleans-arts-martiaux-kickboxing-mma\\\/horaire-des-classes-jour-nuit-orleans-ecole-arts-martiaux-kickboxing-mma\\\/\"]}]},{\"@type\":\"BreadcrumbList\",\"@id\":\"https:\\\/\\\/orleans.patenaudemartialarts.com\\\/fr\\\/orleans-arts-martiaux-kickboxing-mma\\\/horaire-des-classes-jour-nuit-orleans-ecole-arts-martiaux-kickboxing-mma\\\/#breadcrumb\",\"itemListElement\":[{\"@type\":\"ListItem\",\"position\":1,\"name\":\"Home\",\"item\":\"https:\\\/\\\/orleans.patenaudemartialarts.com\\\/fr\\\/\"},{\"@type\":\"ListItem\",\"position\":2,\"name\":\"Accueil\",\"item\":\"https:\\\/\\\/orleans.patenaudemartialarts.com\\\/fr\\\/\"},{\"@type\":\"ListItem\",\"position\":3,\"name\":\"Horaire des Classes\"}]},{\"@type\":\"WebSite\",\"@id\":\"https:\\\/\\\/orleans.patenaudemartialarts.tempurl.host\\\/#website\",\"url\":\"https:\\\/\\\/orleans.patenaudemartialarts.tempurl.host\\\/\",\"name\":\"Orleans Patenaude Martial Arts &amp; Fitness\",\"description\":\"orleans-arts-martiaux-kickboxing-mma\",\"publisher\":{\"@id\":\"https:\\\/\\\/orleans.patenaudemartialarts.tempurl.host\\\/#organization\"},\"potentialAction\":[{\"@type\":\"SearchAction\",\"target\":{\"@type\":\"EntryPoint\",\"urlTemplate\":\"https:\\\/\\\/orleans.patenaudemartialarts.tempurl.host\\\/?s={search_term_string}\"},\"query-input\":{\"@type\":\"PropertyValueSpecification\",\"valueRequired\":true,\"valueName\":\"search_term_string\"}}],\"inLanguage\":\"fr-FR\"},{\"@type\":\"Organization\",\"@id\":\"https:\\\/\\\/orleans.patenaudemartialarts.tempurl.host\\\/#organization\",\"name\":\"Patenaude Martial Arts & Fitness Orleans\",\"url\":\"https:\\\/\\\/orleans.patenaudemartialarts.tempurl.host\\\/\",\"logo\":{\"@type\":\"ImageObject\",\"inLanguage\":\"fr-FR\",\"@id\":\"https:\\\/\\\/orleans.patenaudemartialarts.tempurl.host\\\/#\\\/schema\\\/logo\\\/image\\\/\",\"url\":\"https:\\\/\\\/orleans.patenaudemartialarts.com\\\/wp-content\\\/uploads\\\/sites\\\/2\\\/2017\\\/01\\\/pma-logo-black.png\",\"contentUrl\":\"https:\\\/\\\/orleans.patenaudemartialarts.com\\\/wp-content\\\/uploads\\\/sites\\\/2\\\/2017\\\/01\\\/pma-logo-black.png\",\"width\":250,\"height\":100,\"caption\":\"Patenaude Martial Arts & Fitness Orleans\"},\"image\":{\"@id\":\"https:\\\/\\\/orleans.patenaudemartialarts.tempurl.host\\\/#\\\/schema\\\/logo\\\/image\\\/\"},\"sameAs\":[\"https:\\\/\\\/www.facebook.com\\\/PatenaudeMartialArts\",\"https:\\\/\\\/x.com\\\/fangshendo\",\"https:\\\/\\\/www.youtube.com\\\/user\\\/SibokM\"]}]}<\/script>\n<!-- \/ Yoast SEO plugin. -->","yoast_head_json":{"title":"ORLEANS HORAIRE CLASSES ARTS MARTIAUX ORLEANS HORAIRE DE CLASSES POUR MMA ARTS MARTIAUX MIXTES ET KICKBOXING ORLEANS","description":"CLASSES DE JOUR ET NUIT ORLEANS ART MARTIAUX MMA KICKBOXING ORLEANS","robots":{"index":"index","follow":"follow","max-snippet":"max-snippet:-1","max-image-preview":"max-image-preview:large","max-video-preview":"max-video-preview:-1"},"canonical":"https:\/\/orleans.patenaudemartialarts.com\/fr\/orleans-arts-martiaux-kickboxing-mma\/horaire-des-classes-jour-nuit-orleans-ecole-arts-martiaux-kickboxing-mma\/","og_locale":"fr_FR","og_type":"article","og_title":"ORLEANS HORAIRE CLASSES ARTS MARTIAUX ORLEANS HORAIRE DE CLASSES POUR MMA ARTS MARTIAUX MIXTES ET KICKBOXING ORLEANS","og_description":"CLASSES DE JOUR ET NUIT ORLEANS ART MARTIAUX MMA KICKBOXING ORLEANS","og_url":"https:\/\/orleans.patenaudemartialarts.com\/fr\/orleans-arts-martiaux-kickboxing-mma\/horaire-des-classes-jour-nuit-orleans-ecole-arts-martiaux-kickboxing-mma\/","og_site_name":"Orleans Patenaude Martial Arts &amp; Fitness","article_publisher":"https:\/\/www.facebook.com\/PatenaudeMartialArts","article_modified_time":"2017-12-19T04:19:16+00:00","twitter_card":"summary_large_image","twitter_site":"@fangshendo","twitter_misc":{"Dur\u00e9e de lecture estim\u00e9e":"3 minutes"},"schema":{"@context":"https:\/\/schema.org","@graph":[{"@type":"WebPage","@id":"https:\/\/orleans.patenaudemartialarts.com\/fr\/orleans-arts-martiaux-kickboxing-mma\/horaire-des-classes-jour-nuit-orleans-ecole-arts-martiaux-kickboxing-mma\/","url":"https:\/\/orleans.patenaudemartialarts.com\/fr\/orleans-arts-martiaux-kickboxing-mma\/horaire-des-classes-jour-nuit-orleans-ecole-arts-martiaux-kickboxing-mma\/","name":"ORLEANS HORAIRE CLASSES ARTS MARTIAUX ORLEANS HORAIRE DE CLASSES POUR MMA ARTS MARTIAUX MIXTES ET KICKBOXING ORLEANS","isPartOf":{"@id":"https:\/\/orleans.patenaudemartialarts.tempurl.host\/#website"},"datePublished":"2017-01-15T00:14:37+00:00","dateModified":"2017-12-19T04:19:16+00:00","description":"CLASSES DE JOUR ET NUIT ORLEANS ART MARTIAUX MMA KICKBOXING ORLEANS","breadcrumb":{"@id":"https:\/\/orleans.patenaudemartialarts.com\/fr\/orleans-arts-martiaux-kickboxing-mma\/horaire-des-classes-jour-nuit-orleans-ecole-arts-martiaux-kickboxing-mma\/#breadcrumb"},"inLanguage":"fr-FR","potentialAction":[{"@type":"ReadAction","target":["https:\/\/orleans.patenaudemartialarts.com\/fr\/orleans-arts-martiaux-kickboxing-mma\/horaire-des-classes-jour-nuit-orleans-ecole-arts-martiaux-kickboxing-mma\/"]}]},{"@type":"BreadcrumbList","@id":"https:\/\/orleans.patenaudemartialarts.com\/fr\/orleans-arts-martiaux-kickboxing-mma\/horaire-des-classes-jour-nuit-orleans-ecole-arts-martiaux-kickboxing-mma\/#breadcrumb","itemListElement":[{"@type":"ListItem","position":1,"name":"Home","item":"https:\/\/orleans.patenaudemartialarts.com\/fr\/"},{"@type":"ListItem","position":2,"name":"Accueil","item":"https:\/\/orleans.patenaudemartialarts.com\/fr\/"},{"@type":"ListItem","position":3,"name":"Horaire des Classes"}]},{"@type":"WebSite","@id":"https:\/\/orleans.patenaudemartialarts.tempurl.host\/#website","url":"https:\/\/orleans.patenaudemartialarts.tempurl.host\/","name":"Orleans Patenaude Martial Arts &amp; Fitness","description":"orleans-arts-martiaux-kickboxing-mma","publisher":{"@id":"https:\/\/orleans.patenaudemartialarts.tempurl.host\/#organization"},"potentialAction":[{"@type":"SearchAction","target":{"@type":"EntryPoint","urlTemplate":"https:\/\/orleans.patenaudemartialarts.tempurl.host\/?s={search_term_string}"},"query-input":{"@type":"PropertyValueSpecification","valueRequired":true,"valueName":"search_term_string"}}],"inLanguage":"fr-FR"},{"@type":"Organization","@id":"https:\/\/orleans.patenaudemartialarts.tempurl.host\/#organization","name":"Patenaude Martial Arts & Fitness Orleans","url":"https:\/\/orleans.patenaudemartialarts.tempurl.host\/","logo":{"@type":"ImageObject","inLanguage":"fr-FR","@id":"https:\/\/orleans.patenaudemartialarts.tempurl.host\/#\/schema\/logo\/image\/","url":"https:\/\/orleans.patenaudemartialarts.com\/wp-content\/uploads\/sites\/2\/2017\/01\/pma-logo-black.png","contentUrl":"https:\/\/orleans.patenaudemartialarts.com\/wp-content\/uploads\/sites\/2\/2017\/01\/pma-logo-black.png","width":250,"height":100,"caption":"Patenaude Martial Arts & Fitness Orleans"},"image":{"@id":"https:\/\/orleans.patenaudemartialarts.tempurl.host\/#\/schema\/logo\/image\/"},"sameAs":["https:\/\/www.facebook.com\/PatenaudeMartialArts","https:\/\/x.com\/fangshendo","https:\/\/www.youtube.com\/user\/SibokM"]}]}},"_links":{"self":[{"href":"https:\/\/orleans.patenaudemartialarts.com\/fr\/wp-json\/wp\/v2\/pages\/354","targetHints":{"allow":["GET"]}}],"collection":[{"href":"https:\/\/orleans.patenaudemartialarts.com\/fr\/wp-json\/wp\/v2\/pages"}],"about":[{"href":"https:\/\/orleans.patenaudemartialarts.com\/fr\/wp-json\/wp\/v2\/types\/page"}],"author":[{"embeddable":true,"href":"https:\/\/orleans.patenaudemartialarts.com\/fr\/wp-json\/wp\/v2\/users\/1"}],"replies":[{"embeddable":true,"href":"https:\/\/orleans.patenaudemartialarts.com\/fr\/wp-json\/wp\/v2\/comments?post=354"}],"version-history":[{"count":0,"href":"https:\/\/orleans.patenaudemartialarts.com\/fr\/wp-json\/wp\/v2\/pages\/354\/revisions"}],"up":[{"embeddable":true,"href":"https:\/\/orleans.patenaudemartialarts.com\/fr\/wp-json\/wp\/v2\/pages\/340"}],"wp:attachment":[{"href":"https:\/\/orleans.patenaudemartialarts.com\/fr\/wp-json\/wp\/v2\/media?parent=354"}],"curies":[{"name":"wp","href":"https:\/\/api.w.org\/{rel}","templated":true}]}}