{"id":352,"date":"2017-01-14T18:17:40","date_gmt":"2017-01-14T23:17:40","guid":{"rendered":"http:\/\/orleans.patenaudemartialarts.com\/?page_id=352\/"},"modified":"2024-02-28T17:51:17","modified_gmt":"2024-02-28T22:51:17","slug":"contact-orleans-ecole-arts-martiaux-kickboxing-mma","status":"publish","type":"page","link":"https:\/\/orleans.patenaudemartialarts.com\/fr\/orleans-arts-martiaux-kickboxing-mma\/contact-orleans-ecole-arts-martiaux-kickboxing-mma\/","title":{"rendered":"Contactez Nous"},"content":{"rendered":"\n<style type=\"text\/css\" data-created_by=\"avia_inline_auto\" id=\"style-css-av-46nsg0-dd61df21f69718886bad41590e19afa8\">\n.avia-section.av-46nsg0-dd61df21f69718886bad41590e19afa8 .av-section-color-overlay{\nopacity:1;\nbackground-image:url(https:\/\/orleans.patenaudemartialarts.com\/wp-content\/themes\/enfold\/images\/background-images\/wool-diagonal-for-light-background.png);\nbackground-repeat:repeat;\n}\n<\/style>\n<div id='av_section_1'  class='avia-section av-46nsg0-dd61df21f69718886bad41590e19afa8 main_color avia-section-default avia-no-shadow  avia-builder-el-0  el_before_av_two_third  avia-builder-el-first  avia-bg-style-scroll av-section-color-overlay-active container_wrap sidebar_right'  ><div class=\"av-section-color-overlay-wrap\"><div class=\"av-section-color-overlay\"><\/div><div class='container av-section-cont-open' ><main  role=\"main\" itemprop=\"mainContentOfPage\"  class='template-page content  av-content-small alpha units'><div class='post-entry post-entry-type-page post-entry-352'><div class='entry-content-wrapper clearfix'>\n\n<style type=\"text\/css\" data-created_by=\"avia_inline_auto\" id=\"style-css-av-42a5ag-f7ddfaf018b803544f73ce8d5068a6b6\">\n#top .av-special-heading.av-42a5ag-f7ddfaf018b803544f73ce8d5068a6b6{\npadding-bottom:0;\n}\nbody .av-special-heading.av-42a5ag-f7ddfaf018b803544f73ce8d5068a6b6 .av-special-heading-tag .heading-char{\nfont-size:25px;\n}\n.av-special-heading.av-42a5ag-f7ddfaf018b803544f73ce8d5068a6b6 .av-subheading{\nfont-size:15px;\n}\n<\/style>\n<div  class='av-special-heading av-42a5ag-f7ddfaf018b803544f73ce8d5068a6b6 av-special-heading-h1 blockquote modern-quote  avia-builder-el-1  avia-builder-el-no-sibling '><h1 class='av-special-heading-tag '  itemprop=\"headline\"  >CONTACTER LES ARTS MARTIAUX PATENAUDE ORLEANS<\/h1><div class=\"special-heading-border\"><div class=\"special-heading-inner-border\"><\/div><\/div><\/div>\n<\/div><\/div><\/main><!-- close content main element --><\/div><\/div><\/div><div id='after_section_1'  class='main_color av_default_container_wrap container_wrap sidebar_right'  ><div class='container av-section-cont-open' ><div class='template-page content  av-content-small alpha units'><div class='post-entry post-entry-type-page post-entry-352'><div class='entry-content-wrapper clearfix'>\n\n<style type=\"text\/css\" data-created_by=\"avia_inline_auto\" id=\"style-css-av-3x1nso-51ad8bf596a6193afb17654ba75a2a6a\">\n.flex_column.av-3x1nso-51ad8bf596a6193afb17654ba75a2a6a{\nborder-radius:0px 0px 0px 0px;\npadding:0px 0px 0px 0px;\n}\n<\/style>\n<div  class='flex_column av-3x1nso-51ad8bf596a6193afb17654ba75a2a6a av_two_third  avia-builder-el-2  el_after_av_section  el_before_av_one_third  avia-builder-el-first  first flex_column_div av-zero-column-padding  '     ><p><section  class='av_textblock_section av-3rzy4o-31920db3705fe35cc01ea049a7dc7462 '   itemscope=\"itemscope\" itemtype=\"https:\/\/schema.org\/CreativeWork\" ><div class='avia_textblock'  itemprop=\"text\" ><p><span style=\"font-weight: 400;\">N\u2019h\u00e9sitez pas de nous contacter par t\u00e9l\u00e9phone, en personne ou avec le formulaire ci-dessous pour envoyer un courriel directement \u00e0 notre \u00e9quipe. Posez-nous des questions, il nous fera plaisir de prendre le temps de vous r\u00e9pondre!<\/span><\/p>\n<\/div><\/section><br \/>\n<\/p><\/div>\n<style type=\"text\/css\" data-created_by=\"avia_inline_auto\" id=\"style-css-av-2y12mg-087ba79b6b0d126a2d822284ac323aea\">\n.flex_column.av-2y12mg-087ba79b6b0d126a2d822284ac323aea{\nborder-radius:0px 0px 0px 0px;\npadding:10px 10px 10px 10px;\n}\n<\/style>\n<div  class='flex_column av-2y12mg-087ba79b6b0d126a2d822284ac323aea av_one_third  avia-builder-el-5  el_after_av_two_third  el_before_av_google_map  avia-builder-el-last  flex_column_div  '     ><section  class='av_textblock_section av-2smsso-33ef9cabaca41fae507e6755d88ee167 '   itemscope=\"itemscope\" itemtype=\"https:\/\/schema.org\/CreativeWork\" ><div class='avia_textblock'  itemprop=\"text\" ><h2 style=\"text-align: center;\">Coordonn\u00e9es<\/h2>\n<\/div><\/section><br \/>\n<section  class='av_textblock_section av-2lyg0o-5645cba3ea0ecb9387f878a01668c101 '   itemscope=\"itemscope\" itemtype=\"https:\/\/schema.org\/CreativeWork\" ><div class='avia_textblock'  itemprop=\"text\" ><p style=\"text-align: center; color: #999999;\"><span style=\"color: #000000;\">Arts Martiaux Patenaude Orl\u00e9ans<\/span><\/p>\n<p style=\"text-align: center; color: #999999;\"><span style=\"color: #000000;\">Adresse:<\/span><br \/>\n2035 Lanthier Dr,<br \/>\nOrleans ON K4A 3V3<\/p>\n<p style=\"text-align: center; color: #999999;\"><span style=\"color: #000000;\">T\u00e9l\u00e9phone:<\/span><br \/>\n(613) 841-9100<\/p>\n<\/div><\/section><br \/>\n\n<style type=\"text\/css\" data-created_by=\"avia_inline_auto\" id=\"style-css-av-2ezkds-162c01fe4b6997709308de7d38c4a1f5\">\n#top .hr.av-2ezkds-162c01fe4b6997709308de7d38c4a1f5{\nmargin-top:20px;\nmargin-bottom:20px;\n}\n.hr.av-2ezkds-162c01fe4b6997709308de7d38c4a1f5 .hr-inner{\nwidth:25%;\nborder-color:#eeeeee;\n}\n<\/style>\n<div  class='hr av-2ezkds-162c01fe4b6997709308de7d38c4a1f5 hr-custom  avia-builder-el-8  el_after_av_textblock  el_before_av_textblock  hr-center hr-icon-no'><span class='hr-inner inner-border-av-border-fat'><span class=\"hr-inner-style\"><\/span><\/span><\/div><br \/>\n<section  class='av_textblock_section av-28qu3s-d2d039729b082c3d8757bdc8fbcd7a0d '   itemscope=\"itemscope\" itemtype=\"https:\/\/schema.org\/CreativeWork\" ><div class='avia_textblock'  itemprop=\"text\" ><h2 style=\"text-align: center;\">Heures\u00a0d&rsquo;ouverture<\/h2>\n<\/div><\/section><br \/>\n<div class='avia-data-table-wrap av-24nto0-cb39646b9a27184edc6362a1dbd222ca avia_responsive_table avia-table-1'><table  class='avia-table avia-data-table avia_pricing_default  avia-builder-el-10  el_after_av_textblock  avia-builder-el-last '  itemscope=\"itemscope\" itemtype=\"https:\/\/schema.org\/Table\" ><tbody><tr class=''><td class='avia-center-col'>Lundi-Vendredi<\/td><td class='avia-center-col'>9am &#8211; 9pm<\/td><\/tr><tr class=''><td class='avia-center-col'>Samedi<\/td><td class='avia-center-col'>9am &#8211; 4pm<\/td><\/tr><tr class=''><td class='avia-center-col'>Dimanche<\/td><td class='avia-center-col'>Ferm\u00e9s<\/td><\/tr><\/tbody><\/table><\/div><\/p><\/div><\/p>\n<div  class='av_gmaps_sc_main_wrap av_gmaps_main_wrap '><div id='av_gmap_0' class='avia-google-map-container avia-google-map-sc av_gmaps_show_unconditionally av-no-fallback-img ' data-mapid='av_gmap_0'  style='height: 400px;'><a class=\"av_gmaps_browser_disabled av_text_confirm_link av_text_confirm_link_visible\" href=\"https:\/\/www.google.com\/maps\/search\/?api=1&#038;query=2035%20Lanthier%20Dr%20K4A%203V3%20%20Orleans%20%20%20Canada\" target=\"_blank\">Les cartes ont \u00e9t\u00e9 d\u00e9sactiv\u00e9es par le visiteur sur ce site. Cliquer pour ouvrir la carte dans une nouvelle fen\u00eatre.<\/a><\/div><\/div>\n","protected":false},"excerpt":{"rendered":"","protected":false},"author":1,"featured_media":0,"parent":340,"menu_order":0,"comment_status":"closed","ping_status":"closed","template":"","meta":{"_monsterinsights_skip_tracking":false,"_monsterinsights_sitenote_active":false,"_monsterinsights_sitenote_note":"","_monsterinsights_sitenote_category":0,"footnotes":""},"class_list":["post-352","page","type-page","status-publish","hentry"],"yoast_head":"<!-- This site is optimized with the Yoast SEO plugin v27.3 - https:\/\/yoast.com\/product\/yoast-seo-wordpress\/ -->\n<title>CONTACTER ARTS MARTIAUX ORLEANS POUR RENSEIGNEMENTS SUR LE PROGRAMME DE CLASSES MMA KICKBOXING ARTS MARTIAUX<\/title>\n<meta name=\"description\" content=\"CONTACTER PATENAUDE MARTIAL ARTS -MMA KICKBOXING A ORLEANS\" \/>\n<meta name=\"robots\" content=\"index, follow, max-snippet:-1, max-image-preview:large, max-video-preview:-1\" \/>\n<link rel=\"canonical\" href=\"https:\/\/orleans.patenaudemartialarts.com\/fr\/orleans-arts-martiaux-kickboxing-mma\/contact-orleans-ecole-arts-martiaux-kickboxing-mma\/\" \/>\n<meta property=\"og:locale\" content=\"fr_FR\" \/>\n<meta property=\"og:type\" content=\"article\" \/>\n<meta property=\"og:title\" content=\"CONTACTER ARTS MARTIAUX ORLEANS POUR RENSEIGNEMENTS SUR LE PROGRAMME DE CLASSES MMA KICKBOXING ARTS MARTIAUX\" \/>\n<meta property=\"og:description\" content=\"CONTACTER PATENAUDE MARTIAL ARTS -MMA KICKBOXING A ORLEANS\" \/>\n<meta property=\"og:url\" content=\"https:\/\/orleans.patenaudemartialarts.com\/fr\/orleans-arts-martiaux-kickboxing-mma\/contact-orleans-ecole-arts-martiaux-kickboxing-mma\/\" \/>\n<meta property=\"og:site_name\" content=\"Orleans Patenaude Martial Arts &amp; Fitness\" \/>\n<meta property=\"article:publisher\" content=\"https:\/\/www.facebook.com\/PatenaudeMartialArts\" \/>\n<meta property=\"article:modified_time\" content=\"2024-02-28T22:51:17+00:00\" \/>\n<meta name=\"twitter:card\" content=\"summary_large_image\" \/>\n<meta name=\"twitter:site\" content=\"@fangshendo\" \/>\n<meta name=\"twitter:label1\" content=\"Dur\u00e9e de lecture estim\u00e9e\" \/>\n\t<meta name=\"twitter:data1\" content=\"1 minute\" \/>\n<script type=\"application\/ld+json\" class=\"yoast-schema-graph\">{\"@context\":\"https:\\\/\\\/schema.org\",\"@graph\":[{\"@type\":\"WebPage\",\"@id\":\"https:\\\/\\\/orleans.patenaudemartialarts.com\\\/fr\\\/orleans-arts-martiaux-kickboxing-mma\\\/contact-orleans-ecole-arts-martiaux-kickboxing-mma\\\/\",\"url\":\"https:\\\/\\\/orleans.patenaudemartialarts.com\\\/fr\\\/orleans-arts-martiaux-kickboxing-mma\\\/contact-orleans-ecole-arts-martiaux-kickboxing-mma\\\/\",\"name\":\"CONTACTER ARTS MARTIAUX ORLEANS POUR RENSEIGNEMENTS SUR LE PROGRAMME DE CLASSES MMA KICKBOXING ARTS MARTIAUX\",\"isPartOf\":{\"@id\":\"https:\\\/\\\/orleans.patenaudemartialarts.tempurl.host\\\/#website\"},\"datePublished\":\"2017-01-14T23:17:40+00:00\",\"dateModified\":\"2024-02-28T22:51:17+00:00\",\"description\":\"CONTACTER PATENAUDE MARTIAL ARTS -MMA KICKBOXING A ORLEANS\",\"breadcrumb\":{\"@id\":\"https:\\\/\\\/orleans.patenaudemartialarts.com\\\/fr\\\/orleans-arts-martiaux-kickboxing-mma\\\/contact-orleans-ecole-arts-martiaux-kickboxing-mma\\\/#breadcrumb\"},\"inLanguage\":\"fr-FR\",\"potentialAction\":[{\"@type\":\"ReadAction\",\"target\":[\"https:\\\/\\\/orleans.patenaudemartialarts.com\\\/fr\\\/orleans-arts-martiaux-kickboxing-mma\\\/contact-orleans-ecole-arts-martiaux-kickboxing-mma\\\/\"]}]},{\"@type\":\"BreadcrumbList\",\"@id\":\"https:\\\/\\\/orleans.patenaudemartialarts.com\\\/fr\\\/orleans-arts-martiaux-kickboxing-mma\\\/contact-orleans-ecole-arts-martiaux-kickboxing-mma\\\/#breadcrumb\",\"itemListElement\":[{\"@type\":\"ListItem\",\"position\":1,\"name\":\"Home\",\"item\":\"https:\\\/\\\/orleans.patenaudemartialarts.com\\\/fr\\\/\"},{\"@type\":\"ListItem\",\"position\":2,\"name\":\"Accueil\",\"item\":\"https:\\\/\\\/orleans.patenaudemartialarts.com\\\/fr\\\/\"},{\"@type\":\"ListItem\",\"position\":3,\"name\":\"Contactez Nous\"}]},{\"@type\":\"WebSite\",\"@id\":\"https:\\\/\\\/orleans.patenaudemartialarts.tempurl.host\\\/#website\",\"url\":\"https:\\\/\\\/orleans.patenaudemartialarts.tempurl.host\\\/\",\"name\":\"Orleans Patenaude Martial Arts &amp; Fitness\",\"description\":\"orleans-arts-martiaux-kickboxing-mma\",\"publisher\":{\"@id\":\"https:\\\/\\\/orleans.patenaudemartialarts.tempurl.host\\\/#organization\"},\"potentialAction\":[{\"@type\":\"SearchAction\",\"target\":{\"@type\":\"EntryPoint\",\"urlTemplate\":\"https:\\\/\\\/orleans.patenaudemartialarts.tempurl.host\\\/?s={search_term_string}\"},\"query-input\":{\"@type\":\"PropertyValueSpecification\",\"valueRequired\":true,\"valueName\":\"search_term_string\"}}],\"inLanguage\":\"fr-FR\"},{\"@type\":\"Organization\",\"@id\":\"https:\\\/\\\/orleans.patenaudemartialarts.tempurl.host\\\/#organization\",\"name\":\"Patenaude Martial Arts & Fitness Orleans\",\"url\":\"https:\\\/\\\/orleans.patenaudemartialarts.tempurl.host\\\/\",\"logo\":{\"@type\":\"ImageObject\",\"inLanguage\":\"fr-FR\",\"@id\":\"https:\\\/\\\/orleans.patenaudemartialarts.tempurl.host\\\/#\\\/schema\\\/logo\\\/image\\\/\",\"url\":\"https:\\\/\\\/orleans.patenaudemartialarts.com\\\/wp-content\\\/uploads\\\/sites\\\/2\\\/2017\\\/01\\\/pma-logo-black.png\",\"contentUrl\":\"https:\\\/\\\/orleans.patenaudemartialarts.com\\\/wp-content\\\/uploads\\\/sites\\\/2\\\/2017\\\/01\\\/pma-logo-black.png\",\"width\":250,\"height\":100,\"caption\":\"Patenaude Martial Arts & Fitness Orleans\"},\"image\":{\"@id\":\"https:\\\/\\\/orleans.patenaudemartialarts.tempurl.host\\\/#\\\/schema\\\/logo\\\/image\\\/\"},\"sameAs\":[\"https:\\\/\\\/www.facebook.com\\\/PatenaudeMartialArts\",\"https:\\\/\\\/x.com\\\/fangshendo\",\"https:\\\/\\\/www.youtube.com\\\/user\\\/SibokM\"]}]}<\/script>\n<!-- \/ Yoast SEO plugin. -->","yoast_head_json":{"title":"CONTACTER ARTS MARTIAUX ORLEANS POUR RENSEIGNEMENTS SUR LE PROGRAMME DE CLASSES MMA KICKBOXING ARTS MARTIAUX","description":"CONTACTER PATENAUDE MARTIAL ARTS -MMA KICKBOXING A ORLEANS","robots":{"index":"index","follow":"follow","max-snippet":"max-snippet:-1","max-image-preview":"max-image-preview:large","max-video-preview":"max-video-preview:-1"},"canonical":"https:\/\/orleans.patenaudemartialarts.com\/fr\/orleans-arts-martiaux-kickboxing-mma\/contact-orleans-ecole-arts-martiaux-kickboxing-mma\/","og_locale":"fr_FR","og_type":"article","og_title":"CONTACTER ARTS MARTIAUX ORLEANS POUR RENSEIGNEMENTS SUR LE PROGRAMME DE CLASSES MMA KICKBOXING ARTS MARTIAUX","og_description":"CONTACTER PATENAUDE MARTIAL ARTS -MMA KICKBOXING A ORLEANS","og_url":"https:\/\/orleans.patenaudemartialarts.com\/fr\/orleans-arts-martiaux-kickboxing-mma\/contact-orleans-ecole-arts-martiaux-kickboxing-mma\/","og_site_name":"Orleans Patenaude Martial Arts &amp; Fitness","article_publisher":"https:\/\/www.facebook.com\/PatenaudeMartialArts","article_modified_time":"2024-02-28T22:51:17+00:00","twitter_card":"summary_large_image","twitter_site":"@fangshendo","twitter_misc":{"Dur\u00e9e de lecture estim\u00e9e":"1 minute"},"schema":{"@context":"https:\/\/schema.org","@graph":[{"@type":"WebPage","@id":"https:\/\/orleans.patenaudemartialarts.com\/fr\/orleans-arts-martiaux-kickboxing-mma\/contact-orleans-ecole-arts-martiaux-kickboxing-mma\/","url":"https:\/\/orleans.patenaudemartialarts.com\/fr\/orleans-arts-martiaux-kickboxing-mma\/contact-orleans-ecole-arts-martiaux-kickboxing-mma\/","name":"CONTACTER ARTS MARTIAUX ORLEANS POUR RENSEIGNEMENTS SUR LE PROGRAMME DE CLASSES MMA KICKBOXING ARTS MARTIAUX","isPartOf":{"@id":"https:\/\/orleans.patenaudemartialarts.tempurl.host\/#website"},"datePublished":"2017-01-14T23:17:40+00:00","dateModified":"2024-02-28T22:51:17+00:00","description":"CONTACTER PATENAUDE MARTIAL ARTS -MMA KICKBOXING A ORLEANS","breadcrumb":{"@id":"https:\/\/orleans.patenaudemartialarts.com\/fr\/orleans-arts-martiaux-kickboxing-mma\/contact-orleans-ecole-arts-martiaux-kickboxing-mma\/#breadcrumb"},"inLanguage":"fr-FR","potentialAction":[{"@type":"ReadAction","target":["https:\/\/orleans.patenaudemartialarts.com\/fr\/orleans-arts-martiaux-kickboxing-mma\/contact-orleans-ecole-arts-martiaux-kickboxing-mma\/"]}]},{"@type":"BreadcrumbList","@id":"https:\/\/orleans.patenaudemartialarts.com\/fr\/orleans-arts-martiaux-kickboxing-mma\/contact-orleans-ecole-arts-martiaux-kickboxing-mma\/#breadcrumb","itemListElement":[{"@type":"ListItem","position":1,"name":"Home","item":"https:\/\/orleans.patenaudemartialarts.com\/fr\/"},{"@type":"ListItem","position":2,"name":"Accueil","item":"https:\/\/orleans.patenaudemartialarts.com\/fr\/"},{"@type":"ListItem","position":3,"name":"Contactez Nous"}]},{"@type":"WebSite","@id":"https:\/\/orleans.patenaudemartialarts.tempurl.host\/#website","url":"https:\/\/orleans.patenaudemartialarts.tempurl.host\/","name":"Orleans Patenaude Martial Arts &amp; Fitness","description":"orleans-arts-martiaux-kickboxing-mma","publisher":{"@id":"https:\/\/orleans.patenaudemartialarts.tempurl.host\/#organization"},"potentialAction":[{"@type":"SearchAction","target":{"@type":"EntryPoint","urlTemplate":"https:\/\/orleans.patenaudemartialarts.tempurl.host\/?s={search_term_string}"},"query-input":{"@type":"PropertyValueSpecification","valueRequired":true,"valueName":"search_term_string"}}],"inLanguage":"fr-FR"},{"@type":"Organization","@id":"https:\/\/orleans.patenaudemartialarts.tempurl.host\/#organization","name":"Patenaude Martial Arts & Fitness Orleans","url":"https:\/\/orleans.patenaudemartialarts.tempurl.host\/","logo":{"@type":"ImageObject","inLanguage":"fr-FR","@id":"https:\/\/orleans.patenaudemartialarts.tempurl.host\/#\/schema\/logo\/image\/","url":"https:\/\/orleans.patenaudemartialarts.com\/wp-content\/uploads\/sites\/2\/2017\/01\/pma-logo-black.png","contentUrl":"https:\/\/orleans.patenaudemartialarts.com\/wp-content\/uploads\/sites\/2\/2017\/01\/pma-logo-black.png","width":250,"height":100,"caption":"Patenaude Martial Arts & Fitness Orleans"},"image":{"@id":"https:\/\/orleans.patenaudemartialarts.tempurl.host\/#\/schema\/logo\/image\/"},"sameAs":["https:\/\/www.facebook.com\/PatenaudeMartialArts","https:\/\/x.com\/fangshendo","https:\/\/www.youtube.com\/user\/SibokM"]}]}},"_links":{"self":[{"href":"https:\/\/orleans.patenaudemartialarts.com\/fr\/wp-json\/wp\/v2\/pages\/352","targetHints":{"allow":["GET"]}}],"collection":[{"href":"https:\/\/orleans.patenaudemartialarts.com\/fr\/wp-json\/wp\/v2\/pages"}],"about":[{"href":"https:\/\/orleans.patenaudemartialarts.com\/fr\/wp-json\/wp\/v2\/types\/page"}],"author":[{"embeddable":true,"href":"https:\/\/orleans.patenaudemartialarts.com\/fr\/wp-json\/wp\/v2\/users\/1"}],"replies":[{"embeddable":true,"href":"https:\/\/orleans.patenaudemartialarts.com\/fr\/wp-json\/wp\/v2\/comments?post=352"}],"version-history":[{"count":0,"href":"https:\/\/orleans.patenaudemartialarts.com\/fr\/wp-json\/wp\/v2\/pages\/352\/revisions"}],"up":[{"embeddable":true,"href":"https:\/\/orleans.patenaudemartialarts.com\/fr\/wp-json\/wp\/v2\/pages\/340"}],"wp:attachment":[{"href":"https:\/\/orleans.patenaudemartialarts.com\/fr\/wp-json\/wp\/v2\/media?parent=352"}],"curies":[{"name":"wp","href":"https:\/\/api.w.org\/{rel}","templated":true}]}}