{"id":351,"date":"2017-01-14T18:11:18","date_gmt":"2017-01-14T23:11:18","guid":{"rendered":"http:\/\/orleans.patenaudemartialarts.com\/?page_id=351\/"},"modified":"2024-02-28T17:47:28","modified_gmt":"2024-02-28T22:47:28","slug":"passe-gratuite-orleans-ecole-arts-martiaux-kickboxing-mma","status":"publish","type":"page","link":"https:\/\/orleans.patenaudemartialarts.com\/fr\/orleans-arts-martiaux-kickboxing-mma\/passe-gratuite-orleans-ecole-arts-martiaux-kickboxing-mma\/","title":{"rendered":"Passe gratuite de 7 jours"},"content":{"rendered":"\n<style type=\"text\/css\" data-created_by=\"avia_inline_auto\" id=\"style-css-av-1z2dcn-a0ca114dc3c4f1cf632384ab453e3190\">\n.avia-section.av-1z2dcn-a0ca114dc3c4f1cf632384ab453e3190 .av-section-color-overlay{\nopacity:1;\nbackground-image:url(https:\/\/orleans.patenaudemartialarts.com\/wp-content\/themes\/enfold\/images\/background-images\/wool-diagonal-for-light-background.png);\nbackground-repeat:repeat;\n}\n<\/style>\n<div id='av_section_1'  class='avia-section av-1z2dcn-a0ca114dc3c4f1cf632384ab453e3190 main_color avia-section-default avia-no-shadow  avia-builder-el-0  el_before_av_one_half  avia-builder-el-first  avia-bg-style-scroll av-section-color-overlay-active container_wrap sidebar_right'  ><div class=\"av-section-color-overlay-wrap\"><div class=\"av-section-color-overlay\"><\/div><div class='container av-section-cont-open' ><main  role=\"main\" itemprop=\"mainContentOfPage\"  class='template-page content  av-content-small alpha units'><div class='post-entry post-entry-type-page post-entry-351'><div class='entry-content-wrapper clearfix'>\n\n<style type=\"text\/css\" data-created_by=\"avia_inline_auto\" id=\"style-css-av-1oloe7-f31146a70d2b50d7243cc838e1cfdbb7\">\n#top .av-special-heading.av-1oloe7-f31146a70d2b50d7243cc838e1cfdbb7{\npadding-bottom:0;\n}\nbody .av-special-heading.av-1oloe7-f31146a70d2b50d7243cc838e1cfdbb7 .av-special-heading-tag .heading-char{\nfont-size:25px;\n}\n.av-special-heading.av-1oloe7-f31146a70d2b50d7243cc838e1cfdbb7 .av-subheading{\nfont-size:15px;\n}\n<\/style>\n<div  class='av-special-heading av-1oloe7-f31146a70d2b50d7243cc838e1cfdbb7 av-special-heading-h1 blockquote modern-quote  avia-builder-el-1  avia-builder-el-no-sibling '><h1 class='av-special-heading-tag '  itemprop=\"headline\"  >R\u00c9CLAMEZ UNE PASSE GRATUITE DE 7 JOURS!<\/h1><div class=\"special-heading-border\"><div class=\"special-heading-inner-border\"><\/div><\/div><\/div>\n<\/div><\/div><\/main><!-- close content main element --><\/div><\/div><\/div><div id='after_section_1'  class='main_color av_default_container_wrap container_wrap sidebar_right'  ><div class='container av-section-cont-open' ><div class='template-page content  av-content-small alpha units'><div class='post-entry post-entry-type-page post-entry-351'><div class='entry-content-wrapper clearfix'>\n\n<style type=\"text\/css\" data-created_by=\"avia_inline_auto\" id=\"style-css-av-1iitjb-bf223162cfd77d0fabe4f838bde0a3a5\">\n.flex_column.av-1iitjb-bf223162cfd77d0fabe4f838bde0a3a5{\nborder-radius:0px 0px 0px 0px;\npadding:0px 0px 0px 0px;\n}\n<\/style>\n<div  class='flex_column av-1iitjb-bf223162cfd77d0fabe4f838bde0a3a5 av_one_half  avia-builder-el-2  el_after_av_section  el_before_av_one_half  avia-builder-el-first  first flex_column_div av-zero-column-padding  '     ><section  class='av_textblock_section av-1eabkf-c3e9d015682452d31956b6362ffaf893 '   itemscope=\"itemscope\" itemtype=\"https:\/\/schema.org\/CreativeWork\" ><div class='avia_textblock'  itemprop=\"text\" ><p><span style=\"font-weight: 400;\">Essayez l\u2019un de nos programmes incroyables de votre choix gratuitement! Laissez-nous vous montrer pourquoi <strong>nous sommes l\u2019\u00e9cole de fitness et d\u2019arts martiaux #1<\/strong>!<\/span><\/p>\n<p><span style=\"font-weight: 400;\">Enfants ou adultes &#8211; nous avons des classes pour tout le monde! Vous n\u2019avez qu\u2019\u00e0 remplir le formulaire ci-joint, choisir votre r\u00e9gion et un de nos instructeurs qualifi\u00e9s vous appellera dans un d\u00e9lai de 24 heures pour vous pr\u00e9parer \u00e0 votre premi\u00e8re classe. <\/span><\/p>\n<p style=\"text-align: center;\"><strong>Oui, 24 heures.<br \/>\n<\/strong>Nous sommes tr\u00e8s s\u00e9rieux lorsqu\u2019il s\u2019agit d\u2019arts martiaux et de vous voir atteindre certains des objectifs que vous vous \u00eates fix\u00e9s.<\/p>\n<p style=\"text-align: justify;\"><span style=\"font-weight: 400;\">Si vous n\u2019\u00eates pas encore certains du domaine dans lequel vous voulez vous concentrer, pourquoi ne pas essayer un peu de tout? Essayez notre passe tout-acc\u00e8s qui vous permet d\u2019exp\u00e9rimenter dans tous nos programmes pour une semaine au complet, GRATUITEMENT!<\/span><\/p>\n<p style=\"text-align: justify;\"><span style=\"font-weight: 400;\">De cette fa\u00e7on, vous \u00eates assur\u00e9s de ne manquer aucun des programmes que nous offrons et \u00e7a vous permet de d\u00e9couvrir exactement o\u00f9 vous voulez investir votre temps. <\/span><\/p>\n<\/div><\/section><\/div>\n\n<style type=\"text\/css\" data-created_by=\"avia_inline_auto\" id=\"style-css-av-18h7sf-648e956ba0abe93764f28e2deb6b3443\">\n.flex_column.av-18h7sf-648e956ba0abe93764f28e2deb6b3443{\nborder-radius:0px 0px 0px 0px;\npadding:0px 0px 0px 0px;\n}\n<\/style>\n<div  class='flex_column av-18h7sf-648e956ba0abe93764f28e2deb6b3443 av_one_half  avia-builder-el-4  el_after_av_one_half  avia-builder-el-last  flex_column_div av-zero-column-padding  '     ><section  class='av_textblock_section av-10yqwn-8228e86971ab2e23fd735abb5304b9b2 '   itemscope=\"itemscope\" itemtype=\"https:\/\/schema.org\/CreativeWork\" ><div class='avia_textblock'  itemprop=\"text\" ><h3 style=\"text-align: center;\">Formulaire de demande<\/h3>\n<\/div><\/section><br \/>\n<\/p><\/div>\n","protected":false},"excerpt":{"rendered":"","protected":false},"author":1,"featured_media":0,"parent":340,"menu_order":0,"comment_status":"closed","ping_status":"closed","template":"","meta":{"_monsterinsights_skip_tracking":false,"_monsterinsights_sitenote_active":false,"_monsterinsights_sitenote_note":"","_monsterinsights_sitenote_category":0,"footnotes":""},"class_list":["post-351","page","type-page","status-publish","hentry"],"yoast_head":"<!-- This site is optimized with the Yoast SEO plugin v27.3 - https:\/\/yoast.com\/product\/yoast-seo-wordpress\/ -->\n<title>PASSE GRATUITE - PROMOTION - ARTS MARTIAUX ORLEANS MMA KICKBOXING ORLEANS RABAIS PROMOTIONEL<\/title>\n<meta name=\"description\" content=\"OBTENEZ VOTRE PASSE GRATUITE DE 7 JOURS - PROMOTION OFFERTE PAR PATENAUDE MARTIAL ARTS ORLEANS\" \/>\n<meta name=\"robots\" content=\"index, follow, max-snippet:-1, max-image-preview:large, max-video-preview:-1\" \/>\n<link rel=\"canonical\" href=\"https:\/\/orleans.patenaudemartialarts.com\/fr\/orleans-arts-martiaux-kickboxing-mma\/passe-gratuite-orleans-ecole-arts-martiaux-kickboxing-mma\/\" \/>\n<meta property=\"og:locale\" content=\"fr_FR\" \/>\n<meta property=\"og:type\" content=\"article\" \/>\n<meta property=\"og:title\" content=\"PASSE GRATUITE - PROMOTION - ARTS MARTIAUX ORLEANS MMA KICKBOXING ORLEANS RABAIS PROMOTIONEL\" \/>\n<meta property=\"og:description\" content=\"OBTENEZ VOTRE PASSE GRATUITE DE 7 JOURS - PROMOTION OFFERTE PAR PATENAUDE MARTIAL ARTS ORLEANS\" \/>\n<meta property=\"og:url\" content=\"https:\/\/orleans.patenaudemartialarts.com\/fr\/orleans-arts-martiaux-kickboxing-mma\/passe-gratuite-orleans-ecole-arts-martiaux-kickboxing-mma\/\" \/>\n<meta property=\"og:site_name\" content=\"Orleans Patenaude Martial Arts &amp; Fitness\" \/>\n<meta property=\"article:publisher\" content=\"https:\/\/www.facebook.com\/PatenaudeMartialArts\" \/>\n<meta property=\"article:modified_time\" content=\"2024-02-28T22:47:28+00:00\" \/>\n<meta name=\"twitter:card\" content=\"summary_large_image\" \/>\n<meta name=\"twitter:site\" content=\"@fangshendo\" \/>\n<meta name=\"twitter:label1\" content=\"Dur\u00e9e de lecture estim\u00e9e\" \/>\n\t<meta name=\"twitter:data1\" content=\"1 minute\" \/>\n<script type=\"application\/ld+json\" class=\"yoast-schema-graph\">{\"@context\":\"https:\\\/\\\/schema.org\",\"@graph\":[{\"@type\":\"WebPage\",\"@id\":\"https:\\\/\\\/orleans.patenaudemartialarts.com\\\/fr\\\/orleans-arts-martiaux-kickboxing-mma\\\/passe-gratuite-orleans-ecole-arts-martiaux-kickboxing-mma\\\/\",\"url\":\"https:\\\/\\\/orleans.patenaudemartialarts.com\\\/fr\\\/orleans-arts-martiaux-kickboxing-mma\\\/passe-gratuite-orleans-ecole-arts-martiaux-kickboxing-mma\\\/\",\"name\":\"PASSE GRATUITE - PROMOTION - ARTS MARTIAUX ORLEANS MMA KICKBOXING ORLEANS RABAIS PROMOTIONEL\",\"isPartOf\":{\"@id\":\"https:\\\/\\\/orleans.patenaudemartialarts.tempurl.host\\\/#website\"},\"datePublished\":\"2017-01-14T23:11:18+00:00\",\"dateModified\":\"2024-02-28T22:47:28+00:00\",\"description\":\"OBTENEZ VOTRE PASSE GRATUITE DE 7 JOURS - PROMOTION OFFERTE PAR PATENAUDE MARTIAL ARTS ORLEANS\",\"breadcrumb\":{\"@id\":\"https:\\\/\\\/orleans.patenaudemartialarts.com\\\/fr\\\/orleans-arts-martiaux-kickboxing-mma\\\/passe-gratuite-orleans-ecole-arts-martiaux-kickboxing-mma\\\/#breadcrumb\"},\"inLanguage\":\"fr-FR\",\"potentialAction\":[{\"@type\":\"ReadAction\",\"target\":[\"https:\\\/\\\/orleans.patenaudemartialarts.com\\\/fr\\\/orleans-arts-martiaux-kickboxing-mma\\\/passe-gratuite-orleans-ecole-arts-martiaux-kickboxing-mma\\\/\"]}]},{\"@type\":\"BreadcrumbList\",\"@id\":\"https:\\\/\\\/orleans.patenaudemartialarts.com\\\/fr\\\/orleans-arts-martiaux-kickboxing-mma\\\/passe-gratuite-orleans-ecole-arts-martiaux-kickboxing-mma\\\/#breadcrumb\",\"itemListElement\":[{\"@type\":\"ListItem\",\"position\":1,\"name\":\"Home\",\"item\":\"https:\\\/\\\/orleans.patenaudemartialarts.com\\\/fr\\\/\"},{\"@type\":\"ListItem\",\"position\":2,\"name\":\"Accueil\",\"item\":\"https:\\\/\\\/orleans.patenaudemartialarts.com\\\/fr\\\/\"},{\"@type\":\"ListItem\",\"position\":3,\"name\":\"Passe gratuite de 7 jours\"}]},{\"@type\":\"WebSite\",\"@id\":\"https:\\\/\\\/orleans.patenaudemartialarts.tempurl.host\\\/#website\",\"url\":\"https:\\\/\\\/orleans.patenaudemartialarts.tempurl.host\\\/\",\"name\":\"Orleans Patenaude Martial Arts &amp; Fitness\",\"description\":\"orleans-arts-martiaux-kickboxing-mma\",\"publisher\":{\"@id\":\"https:\\\/\\\/orleans.patenaudemartialarts.tempurl.host\\\/#organization\"},\"potentialAction\":[{\"@type\":\"SearchAction\",\"target\":{\"@type\":\"EntryPoint\",\"urlTemplate\":\"https:\\\/\\\/orleans.patenaudemartialarts.tempurl.host\\\/?s={search_term_string}\"},\"query-input\":{\"@type\":\"PropertyValueSpecification\",\"valueRequired\":true,\"valueName\":\"search_term_string\"}}],\"inLanguage\":\"fr-FR\"},{\"@type\":\"Organization\",\"@id\":\"https:\\\/\\\/orleans.patenaudemartialarts.tempurl.host\\\/#organization\",\"name\":\"Patenaude Martial Arts & Fitness Orleans\",\"url\":\"https:\\\/\\\/orleans.patenaudemartialarts.tempurl.host\\\/\",\"logo\":{\"@type\":\"ImageObject\",\"inLanguage\":\"fr-FR\",\"@id\":\"https:\\\/\\\/orleans.patenaudemartialarts.tempurl.host\\\/#\\\/schema\\\/logo\\\/image\\\/\",\"url\":\"https:\\\/\\\/orleans.patenaudemartialarts.com\\\/wp-content\\\/uploads\\\/sites\\\/2\\\/2017\\\/01\\\/pma-logo-black.png\",\"contentUrl\":\"https:\\\/\\\/orleans.patenaudemartialarts.com\\\/wp-content\\\/uploads\\\/sites\\\/2\\\/2017\\\/01\\\/pma-logo-black.png\",\"width\":250,\"height\":100,\"caption\":\"Patenaude Martial Arts & Fitness Orleans\"},\"image\":{\"@id\":\"https:\\\/\\\/orleans.patenaudemartialarts.tempurl.host\\\/#\\\/schema\\\/logo\\\/image\\\/\"},\"sameAs\":[\"https:\\\/\\\/www.facebook.com\\\/PatenaudeMartialArts\",\"https:\\\/\\\/x.com\\\/fangshendo\",\"https:\\\/\\\/www.youtube.com\\\/user\\\/SibokM\"]}]}<\/script>\n<!-- \/ Yoast SEO plugin. -->","yoast_head_json":{"title":"PASSE GRATUITE - PROMOTION - ARTS MARTIAUX ORLEANS MMA KICKBOXING ORLEANS RABAIS PROMOTIONEL","description":"OBTENEZ VOTRE PASSE GRATUITE DE 7 JOURS - PROMOTION OFFERTE PAR PATENAUDE MARTIAL ARTS ORLEANS","robots":{"index":"index","follow":"follow","max-snippet":"max-snippet:-1","max-image-preview":"max-image-preview:large","max-video-preview":"max-video-preview:-1"},"canonical":"https:\/\/orleans.patenaudemartialarts.com\/fr\/orleans-arts-martiaux-kickboxing-mma\/passe-gratuite-orleans-ecole-arts-martiaux-kickboxing-mma\/","og_locale":"fr_FR","og_type":"article","og_title":"PASSE GRATUITE - PROMOTION - ARTS MARTIAUX ORLEANS MMA KICKBOXING ORLEANS RABAIS PROMOTIONEL","og_description":"OBTENEZ VOTRE PASSE GRATUITE DE 7 JOURS - PROMOTION OFFERTE PAR PATENAUDE MARTIAL ARTS ORLEANS","og_url":"https:\/\/orleans.patenaudemartialarts.com\/fr\/orleans-arts-martiaux-kickboxing-mma\/passe-gratuite-orleans-ecole-arts-martiaux-kickboxing-mma\/","og_site_name":"Orleans Patenaude Martial Arts &amp; Fitness","article_publisher":"https:\/\/www.facebook.com\/PatenaudeMartialArts","article_modified_time":"2024-02-28T22:47:28+00:00","twitter_card":"summary_large_image","twitter_site":"@fangshendo","twitter_misc":{"Dur\u00e9e de lecture estim\u00e9e":"1 minute"},"schema":{"@context":"https:\/\/schema.org","@graph":[{"@type":"WebPage","@id":"https:\/\/orleans.patenaudemartialarts.com\/fr\/orleans-arts-martiaux-kickboxing-mma\/passe-gratuite-orleans-ecole-arts-martiaux-kickboxing-mma\/","url":"https:\/\/orleans.patenaudemartialarts.com\/fr\/orleans-arts-martiaux-kickboxing-mma\/passe-gratuite-orleans-ecole-arts-martiaux-kickboxing-mma\/","name":"PASSE GRATUITE - PROMOTION - ARTS MARTIAUX ORLEANS MMA KICKBOXING ORLEANS RABAIS PROMOTIONEL","isPartOf":{"@id":"https:\/\/orleans.patenaudemartialarts.tempurl.host\/#website"},"datePublished":"2017-01-14T23:11:18+00:00","dateModified":"2024-02-28T22:47:28+00:00","description":"OBTENEZ VOTRE PASSE GRATUITE DE 7 JOURS - PROMOTION OFFERTE PAR PATENAUDE MARTIAL ARTS ORLEANS","breadcrumb":{"@id":"https:\/\/orleans.patenaudemartialarts.com\/fr\/orleans-arts-martiaux-kickboxing-mma\/passe-gratuite-orleans-ecole-arts-martiaux-kickboxing-mma\/#breadcrumb"},"inLanguage":"fr-FR","potentialAction":[{"@type":"ReadAction","target":["https:\/\/orleans.patenaudemartialarts.com\/fr\/orleans-arts-martiaux-kickboxing-mma\/passe-gratuite-orleans-ecole-arts-martiaux-kickboxing-mma\/"]}]},{"@type":"BreadcrumbList","@id":"https:\/\/orleans.patenaudemartialarts.com\/fr\/orleans-arts-martiaux-kickboxing-mma\/passe-gratuite-orleans-ecole-arts-martiaux-kickboxing-mma\/#breadcrumb","itemListElement":[{"@type":"ListItem","position":1,"name":"Home","item":"https:\/\/orleans.patenaudemartialarts.com\/fr\/"},{"@type":"ListItem","position":2,"name":"Accueil","item":"https:\/\/orleans.patenaudemartialarts.com\/fr\/"},{"@type":"ListItem","position":3,"name":"Passe gratuite de 7 jours"}]},{"@type":"WebSite","@id":"https:\/\/orleans.patenaudemartialarts.tempurl.host\/#website","url":"https:\/\/orleans.patenaudemartialarts.tempurl.host\/","name":"Orleans Patenaude Martial Arts &amp; Fitness","description":"orleans-arts-martiaux-kickboxing-mma","publisher":{"@id":"https:\/\/orleans.patenaudemartialarts.tempurl.host\/#organization"},"potentialAction":[{"@type":"SearchAction","target":{"@type":"EntryPoint","urlTemplate":"https:\/\/orleans.patenaudemartialarts.tempurl.host\/?s={search_term_string}"},"query-input":{"@type":"PropertyValueSpecification","valueRequired":true,"valueName":"search_term_string"}}],"inLanguage":"fr-FR"},{"@type":"Organization","@id":"https:\/\/orleans.patenaudemartialarts.tempurl.host\/#organization","name":"Patenaude Martial Arts & Fitness Orleans","url":"https:\/\/orleans.patenaudemartialarts.tempurl.host\/","logo":{"@type":"ImageObject","inLanguage":"fr-FR","@id":"https:\/\/orleans.patenaudemartialarts.tempurl.host\/#\/schema\/logo\/image\/","url":"https:\/\/orleans.patenaudemartialarts.com\/wp-content\/uploads\/sites\/2\/2017\/01\/pma-logo-black.png","contentUrl":"https:\/\/orleans.patenaudemartialarts.com\/wp-content\/uploads\/sites\/2\/2017\/01\/pma-logo-black.png","width":250,"height":100,"caption":"Patenaude Martial Arts & Fitness Orleans"},"image":{"@id":"https:\/\/orleans.patenaudemartialarts.tempurl.host\/#\/schema\/logo\/image\/"},"sameAs":["https:\/\/www.facebook.com\/PatenaudeMartialArts","https:\/\/x.com\/fangshendo","https:\/\/www.youtube.com\/user\/SibokM"]}]}},"_links":{"self":[{"href":"https:\/\/orleans.patenaudemartialarts.com\/fr\/wp-json\/wp\/v2\/pages\/351","targetHints":{"allow":["GET"]}}],"collection":[{"href":"https:\/\/orleans.patenaudemartialarts.com\/fr\/wp-json\/wp\/v2\/pages"}],"about":[{"href":"https:\/\/orleans.patenaudemartialarts.com\/fr\/wp-json\/wp\/v2\/types\/page"}],"author":[{"embeddable":true,"href":"https:\/\/orleans.patenaudemartialarts.com\/fr\/wp-json\/wp\/v2\/users\/1"}],"replies":[{"embeddable":true,"href":"https:\/\/orleans.patenaudemartialarts.com\/fr\/wp-json\/wp\/v2\/comments?post=351"}],"version-history":[{"count":0,"href":"https:\/\/orleans.patenaudemartialarts.com\/fr\/wp-json\/wp\/v2\/pages\/351\/revisions"}],"up":[{"embeddable":true,"href":"https:\/\/orleans.patenaudemartialarts.com\/fr\/wp-json\/wp\/v2\/pages\/340"}],"wp:attachment":[{"href":"https:\/\/orleans.patenaudemartialarts.com\/fr\/wp-json\/wp\/v2\/media?parent=351"}],"curies":[{"name":"wp","href":"https:\/\/api.w.org\/{rel}","templated":true}]}}