{"id":1001,"date":"2020-01-02T12:46:21","date_gmt":"2020-01-02T17:46:21","guid":{"rendered":"https:\/\/orleans.patenaudemartialarts.com\/?page_id=1001"},"modified":"2020-01-02T12:46:21","modified_gmt":"2020-01-02T17:46:21","slug":"arts-martiaux-pour-enfants","status":"publish","type":"page","link":"https:\/\/orleans.patenaudemartialarts.com\/fr\/arts-martiaux-pour-enfants\/","title":{"rendered":"Arts martiaux pour enfants"},"content":{"rendered":"<div class=\"container\">\n<article class=\"post-entry post-entry-type-page post-entry-2460\">\n<div class=\"entry-content-wrapper clearfix\">\n<div class=\"entry-content\">\n<p><strong>Cher Parent<\/strong>,<\/p>\n<p>Si votre exp\u00e9rience parentale ressemble \u00e0 la mienne, vous avez de la difficult\u00e9 avec plusieurs probl\u00e8mes en ce moment\u2026 R\u00e9sultats scolaires, intimidation, concentration \u00e0 l\u2019\u00e9cole, drogues, influences n\u00e9gatives, probl\u00e8mes de poids, faible estime de soi, probl\u00e8mes de contr\u00f4le de soi et d\u2019impulsion, et des difficult\u00e9s \u00e0 simplement les faire <em>\u00e9couter<\/em>!<\/p>\n<div class=\"flex_column av_one_full flex_column_div av-zero-column-padding first avia-builder-el-6 el_after_av_four_fifth el_before_av_one_full \">\n<section class=\"av_textblock_section\">\n<div class=\"avia_textblock \">\n<p>Je n\u2019essaie pas de dire que je suis un expert \u00e0 \u00e9lever des enfants.. Mais ce que je dis c\u2019est que je suis un expert en enfants \u2013 plus sp\u00e9cifiquement, comment rendre les enfants plus heureux, confiants et plus pr\u00eats \u00e0 faire la bonne d\u00e9cision dans des conditions difficiles.<\/p>\n<p><strong>Bonjour, je suis Martin Patenaude,<\/strong> et je suis l\u2019Instructeur Senior \u00e0 plusieurs centres d\u2019Arts Martiaux Patenaude en Ontario et au Qu\u00e9bec. Chez les\u00a0Arts Martiaux Patenaude, nous avons employ\u00e9 le Fang Shen Do pour aider les parents \u00e0 \u00e9lever des enfants heureux et en sant\u00e9 \u2013 cela au cours de plus de 35 ans. \u00a0Dans ce temps, nous avons d\u00e9couvert certaines id\u00e9es sur comment aider les enfants \u00e0 r\u00e9ussir \u2013 non seulement \u00e0 l\u2019\u00e9cole ou \u00e0 la maison, mais dans l\u2019ar\u00e8ne de la vie r\u00e9elle.<\/p>\n<p>Si vous avez regard\u00e9 <a href=\"https:\/\/patenaudemartialarts.com\/fr\/programs\/entrainement-pour-enfants\/#testimonial-video\">la\u00a0vid\u00e9o t\u00e9moignage sur cette page<\/a>, vous avez vu par vous m\u00eame le genre de r\u00e9actions que nous recevons de parents comme vous \u00e0 chaque semaine. Ces personnes sont de vrais parents avec de vrais enfants qui font face \u00e0 de vrais probl\u00e8mes avec lesquels nous sommes tous familiers\u2026 plusieurs dont j\u2019ai mentionn\u00e9 plus haut. M\u00eame si nous ne faisons pas de miracles, nous sommes tout de m\u00eame tr\u00e8s qualifi\u00e9s et bien inform\u00e9s de ce que nous faisons \u2013 qui est vous aider \u00e0 rendre votre vie un peu plus facile et beaucoup plus s\u00e9curitaire pour votre enfant. Voici comment on le fait:<\/p>\n<\/div>\n<\/section>\n<\/div>\n<div class=\"flex_column av_one_full flex_column_div av-zero-column-padding first avia-builder-el-8 el_after_av_one_full el_before_av_one_full column-top-margin\">\n<div class=\"avia-icon-list-container avia-builder-el-9 avia-builder-el-no-sibling \">\n<ul class=\"avia-icon-list avia-icon-list-left av-iconlist-big avia_animate_when_almost_visible avia_start_animation\">\n<li class=\"avia_start_animation\">\n<div class=\"iconlist_icon avia-font-entypo-fontello\">\n<h4 class=\"av_iconlist_title iconlist_title \">INSTAURER LA CONFIANCE EN MONTRANT \u00c0 VOTRE ENFANT DE QUOI IL\/ELLE EST CAPABLE<\/h4>\n<\/div>\n<article class=\"article-icon-entry \">\n<div class=\"iconlist_content_wrap\">\n<div class=\"iconlist_content \">\n<p><img loading=\"lazy\" decoding=\"async\" class=\"alignright size-full wp-image-473\" src=\"https:\/\/patenaudemartialarts.com\/wp-content\/uploads\/2016\/10\/Children-Mentorship-1.jpg\" alt=\"Child mentoring - Patenaude Martial Arts\" width=\"247\" height=\"189\" \/><\/p>\n<p>Lorsque votre enfant d\u00e9bute ses cours d\u2019arts martiaux chezPatenaude, on l\u2019introduit imm\u00e9diatement au concept de \u2018travaille en premier et les r\u00e9compenses suivront.\u2019<\/p>\n<p>Nous ne mettons pas cela en \u00e9vidence: c\u2019est en fait une partie de la fa\u00e7on dont nous enseignons les classes d\u2019arts martiaux de votre enfant. Chaque enfant passe par un processus d\u2019apprentissage, d\u00e9montrant ce qu\u2019il apprend pour ensuite recevoir de la reconnaissance pour son travail et ses accomplissements.<\/p>\n<p>La plupart des enfants n\u2019ont aucune id\u00e9e de quoi ils sont capables, et c\u2019est notre travail de leur donner des opportunit\u00e9s de briser leurs limites. Une fois qu\u2019un enfant r\u00e9alise son vaste potentiel, il n\u2019y a pas de limite \u00e0 ce qu\u2019ils peuvent accomplir.<\/p>\n<\/div>\n<\/div>\n<footer class=\"entry-footer\"><\/footer>\n<\/article>\n<\/li>\n<li class=\"avia_start_animation\">\n<div class=\"iconlist_icon avia-font-entypo-fontello\">\n<h4 class=\"av_iconlist_title iconlist_title \">ENGAGEMENT \u00c0 L\u2019EXCELLENCE<\/h4>\n<\/div>\n<article class=\"article-icon-entry \">\n<div class=\"iconlist_content_wrap\">\n<div class=\"iconlist_content \">\n<p><img loading=\"lazy\" decoding=\"async\" class=\"alignright size-full wp-image-474\" src=\"https:\/\/patenaudemartialarts.com\/wp-content\/uploads\/2016\/10\/Children-Mentorship-2.jpg\" alt=\"Child mentoring - Patenaude Martial Arts\" width=\"247\" height=\"221\" \/><\/p>\n<p>Avoir un \u2018engagement \u00e0 l\u2019excellence\u2019 n\u2019est pas simplement avoir un int\u00e9r\u00eat aux acad\u00e9mies Patenaude. Apr\u00e8s seulement quelques mois ici, votre enfant va r\u00e9ellement apprendre \u00e0 augmenter ses attentes pour ce qu\u2019il peut accomplir. <strong>De nos jours, il y a tr\u00e8s peu d\u2019environnements o\u00f9 un enfant est expos\u00e9 \u00e0 cette attitude gagnante constamment.<\/strong> Mais une fois que votre enfant attrape ce qu\u2019on appelle \u2018l\u2019insecte d\u2019excellence\u2019 il continuera de s\u2019efforcer de progresser dans son am\u00e9lioration personnelle.<\/p>\n<p>Gr\u00e2ce \u00e0 nos commentaires positifs et au support qu\u2019ils re\u00e7oivent ils continueront \u00e0 faire les bons choix et actions\u2026 peut-\u00eatre m\u00eame pour la vie.<\/p>\n<\/div>\n<\/div>\n<footer class=\"entry-footer\"><\/footer>\n<\/article>\n<\/li>\n<li class=\"avia_start_animation\">\n<div class=\"iconlist_icon avia-font-entypo-fontello\">\n<h4 class=\"av_iconlist_title iconlist_title \">CORRIGER LE COMPORTEMENT, ET LES CHOIX \u2013 UNE COMP\u00c9TENCE APPRISE ET UNE CL\u00c9 DU SUCC\u00c8S<\/h4>\n<\/div>\n<article class=\"article-icon-entry \">\n<div class=\"iconlist_content_wrap\">\n<div class=\"iconlist_content \">\n<p><img loading=\"lazy\" decoding=\"async\" class=\"alignright size-full wp-image-476\" src=\"https:\/\/patenaudemartialarts.com\/wp-content\/uploads\/2016\/10\/Children-Mentorship-3.jpg\" alt=\"Child mentoring - Patenaude Martial Arts\" width=\"247\" height=\"185\" \/><\/p>\n<p>Cet entra\u00eenement r\u00e9sulte \u00e9galement \u00e0 ce que votre enfant apprenne de meilleurs comportements. \u00a0Nous mettons de la fiert\u00e9 \u00e0 \u00eatre de \u2018bons chercheurs\u2019 plut\u00f4t que de \u2018mauvais chercheurs\u2019. En autres mots, <strong>plut\u00f4t que de regarder ce qui est mauvais<\/strong>, nous renfor\u00e7ons ce que votre enfant fait de bien.<\/p>\n<p>Ce changement subtil a un effet extr\u00eamement puissant sur le comportement de votre enfant\u2026 Et sur sa volont\u00e9 de faire les bons choix. Nous apprenons \u00e0 chaque enfant qu\u2019il est responsable de ses propres actions (de plus que les cons\u00e9quences et r\u00e9compenses qui en r\u00e9sultent).<\/p>\n<p>Malgr\u00e9 que nous utilisons des cours et rep\u00e8res verbaux pour enseigner ceci, nous leur assurons \u00e9galement des exp\u00e9riences d\u2019apprentissages r\u00e9elles pour qu\u2019ils r\u00e9alisent que leurs choix ont un impact sur leur futur.<\/p>\n<\/div>\n<\/div>\n<footer class=\"entry-footer\"><\/footer>\n<\/article>\n<\/li>\n<\/ul>\n<\/div>\n<\/div>\n<div class=\"flex_column av_one_full flex_column_div av-zero-column-padding first avia-builder-el-10 el_after_av_one_full el_before_av_one_fifth column-top-margin\">\n<section class=\"av_textblock_section\">\n<div class=\"avia_textblock \">\n<p>Si vous \u00eates un parents et que vous lisez cette lettre, s\u2019il vous pla\u00eet n\u2019assumez pas que c\u2019est un discours de vente. Demandez-vous plut\u00f4t les questions suivantes:<\/p>\n<ul>\n<li><strong>Et si le programme pour enfants d\u2019Arts Martiaux Patenaude fonctionne vraiment aussi bien qu\u2019ils le disent ?<\/strong><\/li>\n<li><strong>Et si \u00e7a fonctionne aussi bien pour mon enfant que pour ceux des parents dans le vid\u00e9o?<\/strong><\/li>\n<li><strong>Quel impact \u00e7a aurait sur la vie de mon enfant?<\/strong><\/li>\n<\/ul>\n<p>Vous avez le pouvoir de d\u00e9couvrir la r\u00e9ponse \u00e0 ces questions par vous-m\u00eame, et j\u2019aimerais rendre cela le plus facile possible pour vous. C\u2019est pourquoi je vous offre l\u2019opportunit\u00e9 <strong>d\u2019exp\u00e9rimenter notre programme sans risque pour 30 jours<\/strong>.<\/p>\n<p>Si vous \u00eates insatisfaits \u00e0 n\u2019importe quel moment durant les 30 premiers jours de l\u2019exp\u00e9rience de votre enfant aux Arts Martiaux Patenaude ici en Ontario et au Qu\u00e9bec, je vous rembourserai votre argent -aucune question pos\u00e9e \u2013 sauf ce que nous aurions pu faire pour am\u00e9liorer votre exp\u00e9rience.<\/p>\n<p>Alors s\u2019il vous pla\u00eet, permettez que votre enfant devienne celui le plus heureux et en sant\u00e9 du quartier.<\/p>\n<p>Et on promet de vous laissez tout le cr\u00e9dit pour les r\u00e9sultats!<\/p>\n<p>Cordialement,<\/p>\n<p>St\u00e9phane Patenaude<\/p>\n<div class=\"avia-video avia-video-16-9   av-lazyload-immediate  av-lazyload-video-embed  \">\n<div class=\"avia-iframe-wrap\"><\/div>\n<\/div>\n<\/div>\n<\/section>\n<\/div>\n<div class=\"flex_column av_one_fifth flex_column_div av-zero-column-padding first avia-builder-el-12 el_after_av_one_full el_before_av_three_fifth column-top-margin\"><\/div>\n<\/div>\n<footer class=\"entry-footer\"><\/footer>\n<\/div>\n<\/article>\n<\/div>\n","protected":false},"excerpt":{"rendered":"<p>Cher Parent, Si votre exp\u00e9rience parentale ressemble \u00e0 la mienne, vous avez de la difficult\u00e9 avec plusieurs probl\u00e8mes en ce moment\u2026 R\u00e9sultats scolaires, intimidation, concentration \u00e0 l\u2019\u00e9cole, drogues, influences n\u00e9gatives, probl\u00e8mes de poids, faible estime de soi, probl\u00e8mes de contr\u00f4le de soi et d\u2019impulsion, et des difficult\u00e9s \u00e0 simplement les faire \u00e9couter! Je n\u2019essaie pas [&hellip;]<\/p>\n","protected":false},"author":20,"featured_media":0,"parent":0,"menu_order":0,"comment_status":"closed","ping_status":"closed","template":"","meta":{"_monsterinsights_skip_tracking":false,"_monsterinsights_sitenote_active":false,"_monsterinsights_sitenote_note":"","_monsterinsights_sitenote_category":0,"footnotes":""},"class_list":["post-1001","page","type-page","status-publish","hentry"],"yoast_head":"<!-- This site is optimized with the Yoast SEO plugin v27.3 - https:\/\/yoast.com\/product\/yoast-seo-wordpress\/ -->\n<title>Arts martiaux pour enfants - Orleans Patenaude Martial Arts &amp; Fitness<\/title>\n<meta name=\"robots\" content=\"index, follow, max-snippet:-1, max-image-preview:large, max-video-preview:-1\" \/>\n<link rel=\"canonical\" href=\"https:\/\/orleans.patenaudemartialarts.com\/fr\/arts-martiaux-pour-enfants\/\" \/>\n<meta property=\"og:locale\" content=\"fr_FR\" \/>\n<meta property=\"og:type\" content=\"article\" \/>\n<meta property=\"og:title\" content=\"Arts martiaux pour enfants - Orleans Patenaude Martial Arts &amp; Fitness\" \/>\n<meta property=\"og:description\" content=\"Cher Parent, Si votre exp\u00e9rience parentale ressemble \u00e0 la mienne, vous avez de la difficult\u00e9 avec plusieurs probl\u00e8mes en ce moment\u2026 R\u00e9sultats scolaires, intimidation, concentration \u00e0 l\u2019\u00e9cole, drogues, influences n\u00e9gatives, probl\u00e8mes de poids, faible estime de soi, probl\u00e8mes de contr\u00f4le de soi et d\u2019impulsion, et des difficult\u00e9s \u00e0 simplement les faire \u00e9couter! Je n\u2019essaie pas [&hellip;]\" \/>\n<meta property=\"og:url\" content=\"https:\/\/orleans.patenaudemartialarts.com\/fr\/arts-martiaux-pour-enfants\/\" \/>\n<meta property=\"og:site_name\" content=\"Orleans Patenaude Martial Arts &amp; Fitness\" \/>\n<meta property=\"article:publisher\" content=\"https:\/\/www.facebook.com\/PatenaudeMartialArts\" \/>\n<meta property=\"og:image\" content=\"https:\/\/patenaudemartialarts.com\/wp-content\/uploads\/2016\/10\/Children-Mentorship-1.jpg\" \/>\n<meta name=\"twitter:card\" content=\"summary_large_image\" \/>\n<meta name=\"twitter:site\" content=\"@fangshendo\" \/>\n<meta name=\"twitter:label1\" content=\"Dur\u00e9e de lecture estim\u00e9e\" \/>\n\t<meta name=\"twitter:data1\" content=\"5 minutes\" \/>\n<script type=\"application\/ld+json\" class=\"yoast-schema-graph\">{\"@context\":\"https:\\\/\\\/schema.org\",\"@graph\":[{\"@type\":\"WebPage\",\"@id\":\"https:\\\/\\\/orleans.patenaudemartialarts.com\\\/fr\\\/arts-martiaux-pour-enfants\\\/\",\"url\":\"https:\\\/\\\/orleans.patenaudemartialarts.com\\\/fr\\\/arts-martiaux-pour-enfants\\\/\",\"name\":\"Arts martiaux pour enfants - Orleans Patenaude Martial Arts &amp; Fitness\",\"isPartOf\":{\"@id\":\"https:\\\/\\\/orleans.patenaudemartialarts.tempurl.host\\\/#website\"},\"primaryImageOfPage\":{\"@id\":\"https:\\\/\\\/orleans.patenaudemartialarts.com\\\/fr\\\/arts-martiaux-pour-enfants\\\/#primaryimage\"},\"image\":{\"@id\":\"https:\\\/\\\/orleans.patenaudemartialarts.com\\\/fr\\\/arts-martiaux-pour-enfants\\\/#primaryimage\"},\"thumbnailUrl\":\"https:\\\/\\\/patenaudemartialarts.com\\\/wp-content\\\/uploads\\\/2016\\\/10\\\/Children-Mentorship-1.jpg\",\"datePublished\":\"2020-01-02T17:46:21+00:00\",\"breadcrumb\":{\"@id\":\"https:\\\/\\\/orleans.patenaudemartialarts.com\\\/fr\\\/arts-martiaux-pour-enfants\\\/#breadcrumb\"},\"inLanguage\":\"fr-FR\",\"potentialAction\":[{\"@type\":\"ReadAction\",\"target\":[\"https:\\\/\\\/orleans.patenaudemartialarts.com\\\/fr\\\/arts-martiaux-pour-enfants\\\/\"]}]},{\"@type\":\"ImageObject\",\"inLanguage\":\"fr-FR\",\"@id\":\"https:\\\/\\\/orleans.patenaudemartialarts.com\\\/fr\\\/arts-martiaux-pour-enfants\\\/#primaryimage\",\"url\":\"https:\\\/\\\/patenaudemartialarts.com\\\/wp-content\\\/uploads\\\/2016\\\/10\\\/Children-Mentorship-1.jpg\",\"contentUrl\":\"https:\\\/\\\/patenaudemartialarts.com\\\/wp-content\\\/uploads\\\/2016\\\/10\\\/Children-Mentorship-1.jpg\"},{\"@type\":\"BreadcrumbList\",\"@id\":\"https:\\\/\\\/orleans.patenaudemartialarts.com\\\/fr\\\/arts-martiaux-pour-enfants\\\/#breadcrumb\",\"itemListElement\":[{\"@type\":\"ListItem\",\"position\":1,\"name\":\"Home\",\"item\":\"https:\\\/\\\/orleans.patenaudemartialarts.com\\\/fr\\\/\"},{\"@type\":\"ListItem\",\"position\":2,\"name\":\"Arts martiaux pour enfants\"}]},{\"@type\":\"WebSite\",\"@id\":\"https:\\\/\\\/orleans.patenaudemartialarts.tempurl.host\\\/#website\",\"url\":\"https:\\\/\\\/orleans.patenaudemartialarts.tempurl.host\\\/\",\"name\":\"Orleans Patenaude Martial Arts &amp; Fitness\",\"description\":\"orleans-arts-martiaux-kickboxing-mma\",\"publisher\":{\"@id\":\"https:\\\/\\\/orleans.patenaudemartialarts.tempurl.host\\\/#organization\"},\"potentialAction\":[{\"@type\":\"SearchAction\",\"target\":{\"@type\":\"EntryPoint\",\"urlTemplate\":\"https:\\\/\\\/orleans.patenaudemartialarts.tempurl.host\\\/?s={search_term_string}\"},\"query-input\":{\"@type\":\"PropertyValueSpecification\",\"valueRequired\":true,\"valueName\":\"search_term_string\"}}],\"inLanguage\":\"fr-FR\"},{\"@type\":\"Organization\",\"@id\":\"https:\\\/\\\/orleans.patenaudemartialarts.tempurl.host\\\/#organization\",\"name\":\"Patenaude Martial Arts & Fitness Orleans\",\"url\":\"https:\\\/\\\/orleans.patenaudemartialarts.tempurl.host\\\/\",\"logo\":{\"@type\":\"ImageObject\",\"inLanguage\":\"fr-FR\",\"@id\":\"https:\\\/\\\/orleans.patenaudemartialarts.tempurl.host\\\/#\\\/schema\\\/logo\\\/image\\\/\",\"url\":\"https:\\\/\\\/orleans.patenaudemartialarts.com\\\/wp-content\\\/uploads\\\/sites\\\/2\\\/2017\\\/01\\\/pma-logo-black.png\",\"contentUrl\":\"https:\\\/\\\/orleans.patenaudemartialarts.com\\\/wp-content\\\/uploads\\\/sites\\\/2\\\/2017\\\/01\\\/pma-logo-black.png\",\"width\":250,\"height\":100,\"caption\":\"Patenaude Martial Arts & Fitness Orleans\"},\"image\":{\"@id\":\"https:\\\/\\\/orleans.patenaudemartialarts.tempurl.host\\\/#\\\/schema\\\/logo\\\/image\\\/\"},\"sameAs\":[\"https:\\\/\\\/www.facebook.com\\\/PatenaudeMartialArts\",\"https:\\\/\\\/x.com\\\/fangshendo\",\"https:\\\/\\\/www.youtube.com\\\/user\\\/SibokM\"]}]}<\/script>\n<!-- \/ Yoast SEO plugin. -->","yoast_head_json":{"title":"Arts martiaux pour enfants - Orleans Patenaude Martial Arts &amp; Fitness","robots":{"index":"index","follow":"follow","max-snippet":"max-snippet:-1","max-image-preview":"max-image-preview:large","max-video-preview":"max-video-preview:-1"},"canonical":"https:\/\/orleans.patenaudemartialarts.com\/fr\/arts-martiaux-pour-enfants\/","og_locale":"fr_FR","og_type":"article","og_title":"Arts martiaux pour enfants - Orleans Patenaude Martial Arts &amp; Fitness","og_description":"Cher Parent, Si votre exp\u00e9rience parentale ressemble \u00e0 la mienne, vous avez de la difficult\u00e9 avec plusieurs probl\u00e8mes en ce moment\u2026 R\u00e9sultats scolaires, intimidation, concentration \u00e0 l\u2019\u00e9cole, drogues, influences n\u00e9gatives, probl\u00e8mes de poids, faible estime de soi, probl\u00e8mes de contr\u00f4le de soi et d\u2019impulsion, et des difficult\u00e9s \u00e0 simplement les faire \u00e9couter! Je n\u2019essaie pas [&hellip;]","og_url":"https:\/\/orleans.patenaudemartialarts.com\/fr\/arts-martiaux-pour-enfants\/","og_site_name":"Orleans Patenaude Martial Arts &amp; Fitness","article_publisher":"https:\/\/www.facebook.com\/PatenaudeMartialArts","og_image":[{"url":"https:\/\/patenaudemartialarts.com\/wp-content\/uploads\/2016\/10\/Children-Mentorship-1.jpg","type":"","width":"","height":""}],"twitter_card":"summary_large_image","twitter_site":"@fangshendo","twitter_misc":{"Dur\u00e9e de lecture estim\u00e9e":"5 minutes"},"schema":{"@context":"https:\/\/schema.org","@graph":[{"@type":"WebPage","@id":"https:\/\/orleans.patenaudemartialarts.com\/fr\/arts-martiaux-pour-enfants\/","url":"https:\/\/orleans.patenaudemartialarts.com\/fr\/arts-martiaux-pour-enfants\/","name":"Arts martiaux pour enfants - Orleans Patenaude Martial Arts &amp; Fitness","isPartOf":{"@id":"https:\/\/orleans.patenaudemartialarts.tempurl.host\/#website"},"primaryImageOfPage":{"@id":"https:\/\/orleans.patenaudemartialarts.com\/fr\/arts-martiaux-pour-enfants\/#primaryimage"},"image":{"@id":"https:\/\/orleans.patenaudemartialarts.com\/fr\/arts-martiaux-pour-enfants\/#primaryimage"},"thumbnailUrl":"https:\/\/patenaudemartialarts.com\/wp-content\/uploads\/2016\/10\/Children-Mentorship-1.jpg","datePublished":"2020-01-02T17:46:21+00:00","breadcrumb":{"@id":"https:\/\/orleans.patenaudemartialarts.com\/fr\/arts-martiaux-pour-enfants\/#breadcrumb"},"inLanguage":"fr-FR","potentialAction":[{"@type":"ReadAction","target":["https:\/\/orleans.patenaudemartialarts.com\/fr\/arts-martiaux-pour-enfants\/"]}]},{"@type":"ImageObject","inLanguage":"fr-FR","@id":"https:\/\/orleans.patenaudemartialarts.com\/fr\/arts-martiaux-pour-enfants\/#primaryimage","url":"https:\/\/patenaudemartialarts.com\/wp-content\/uploads\/2016\/10\/Children-Mentorship-1.jpg","contentUrl":"https:\/\/patenaudemartialarts.com\/wp-content\/uploads\/2016\/10\/Children-Mentorship-1.jpg"},{"@type":"BreadcrumbList","@id":"https:\/\/orleans.patenaudemartialarts.com\/fr\/arts-martiaux-pour-enfants\/#breadcrumb","itemListElement":[{"@type":"ListItem","position":1,"name":"Home","item":"https:\/\/orleans.patenaudemartialarts.com\/fr\/"},{"@type":"ListItem","position":2,"name":"Arts martiaux pour enfants"}]},{"@type":"WebSite","@id":"https:\/\/orleans.patenaudemartialarts.tempurl.host\/#website","url":"https:\/\/orleans.patenaudemartialarts.tempurl.host\/","name":"Orleans Patenaude Martial Arts &amp; Fitness","description":"orleans-arts-martiaux-kickboxing-mma","publisher":{"@id":"https:\/\/orleans.patenaudemartialarts.tempurl.host\/#organization"},"potentialAction":[{"@type":"SearchAction","target":{"@type":"EntryPoint","urlTemplate":"https:\/\/orleans.patenaudemartialarts.tempurl.host\/?s={search_term_string}"},"query-input":{"@type":"PropertyValueSpecification","valueRequired":true,"valueName":"search_term_string"}}],"inLanguage":"fr-FR"},{"@type":"Organization","@id":"https:\/\/orleans.patenaudemartialarts.tempurl.host\/#organization","name":"Patenaude Martial Arts & Fitness Orleans","url":"https:\/\/orleans.patenaudemartialarts.tempurl.host\/","logo":{"@type":"ImageObject","inLanguage":"fr-FR","@id":"https:\/\/orleans.patenaudemartialarts.tempurl.host\/#\/schema\/logo\/image\/","url":"https:\/\/orleans.patenaudemartialarts.com\/wp-content\/uploads\/sites\/2\/2017\/01\/pma-logo-black.png","contentUrl":"https:\/\/orleans.patenaudemartialarts.com\/wp-content\/uploads\/sites\/2\/2017\/01\/pma-logo-black.png","width":250,"height":100,"caption":"Patenaude Martial Arts & Fitness Orleans"},"image":{"@id":"https:\/\/orleans.patenaudemartialarts.tempurl.host\/#\/schema\/logo\/image\/"},"sameAs":["https:\/\/www.facebook.com\/PatenaudeMartialArts","https:\/\/x.com\/fangshendo","https:\/\/www.youtube.com\/user\/SibokM"]}]}},"_links":{"self":[{"href":"https:\/\/orleans.patenaudemartialarts.com\/fr\/wp-json\/wp\/v2\/pages\/1001","targetHints":{"allow":["GET"]}}],"collection":[{"href":"https:\/\/orleans.patenaudemartialarts.com\/fr\/wp-json\/wp\/v2\/pages"}],"about":[{"href":"https:\/\/orleans.patenaudemartialarts.com\/fr\/wp-json\/wp\/v2\/types\/page"}],"author":[{"embeddable":true,"href":"https:\/\/orleans.patenaudemartialarts.com\/fr\/wp-json\/wp\/v2\/users\/20"}],"replies":[{"embeddable":true,"href":"https:\/\/orleans.patenaudemartialarts.com\/fr\/wp-json\/wp\/v2\/comments?post=1001"}],"version-history":[{"count":0,"href":"https:\/\/orleans.patenaudemartialarts.com\/fr\/wp-json\/wp\/v2\/pages\/1001\/revisions"}],"wp:attachment":[{"href":"https:\/\/orleans.patenaudemartialarts.com\/fr\/wp-json\/wp\/v2\/media?parent=1001"}],"curies":[{"name":"wp","href":"https:\/\/api.w.org\/{rel}","templated":true}]}}